{"id":742451,"date":"2025-04-25T18:23:00","date_gmt":"2025-04-25T10:23:00","guid":{"rendered":"https:\/\/rustans-thebeautysource.com\/en\/?post_type=product&#038;p=742451"},"modified":"2025-04-25T18:23:02","modified_gmt":"2025-04-25T10:23:02","slug":"estee-lauder-x-laduree-beautiful-magnolia-moments-of-love-fragrance-set","status":"publish","type":"product","link":"https:\/\/rustans-thebeautysource.com\/en\/product\/estee-lauder-x-laduree-beautiful-magnolia-moments-of-love-fragrance-set\/","title":{"rendered":"Est\u00e9e Lauder x Ladur\u00e9e Beautiful Magnolia  Moments Of Love Fragrance Set"},"content":{"rendered":"","protected":false},"excerpt":{"rendered":"<p>Est\u00e9e Lauder x Ladur\u00e9e Beautiful Magnolia<br \/>\nMoments Of Love Fragrance Set<\/p>\n<p>I AM BEAUTIFUL.<\/p>\n<p>Beautiful Magnolia celebrates the multitudes you contain.<br \/>\nYour beautiful dualities.<\/p>\n<p>The multi-dimensional blend fills the air with signature notes of lush Magnolia, solar Gardenia, warm Woods, and luminous Musk.<\/p>\n<p>Est\u00e9e Lauder and Ladur\u00e9e invite you to indulge in the extraordinary. An enchanting world that redefines the essence of beauty and romance. This one-of-a-kind collection blends the decadent allure of Ladur\u00e9e\u2019s confections with the sophistication of Est\u00e9e Lauder\u2019s iconic beauty expertise. Together Est\u00e9e Lauder and Ladur\u00e9e have crafted a captivating sensorial experience. Enjoy this fragrance collection in a limited edition design\u2014the perfect gift set for yourself or someone else.<\/p>\n","protected":false},"featured_media":742452,"comment_status":"open","ping_status":"closed","template":"","meta":[],"product_cat":[9945,514,26,6845],"product_tag":[],"acf":[],"yoast_head":"<!-- This site is optimized with the Yoast SEO plugin v17.7 - https:\/\/yoast.com\/wordpress\/plugins\/seo\/ -->\n<title>Est\u00e9e Lauder x Ladur\u00e9e Beautiful Magnolia Moments Of Love Fragrance Set - Rustan&#039;s The Beauty Source<\/title>\n<meta name=\"robots\" content=\"index, follow, max-snippet:-1, max-image-preview:large, max-video-preview:-1\" \/>\n<link rel=\"canonical\" href=\"https:\/\/rustans-thebeautysource.com\/en\/product\/estee-lauder-x-laduree-beautiful-magnolia-moments-of-love-fragrance-set\/\" \/>\n<meta property=\"og:locale\" content=\"en_US\" \/>\n<meta property=\"og:type\" content=\"article\" \/>\n<meta property=\"og:title\" content=\"Est\u00e9e Lauder x Ladur\u00e9e Beautiful Magnolia Moments Of Love Fragrance Set - Rustan&#039;s The Beauty Source\" \/>\n<meta property=\"og:description\" content=\"Est\u00e9e Lauder x Ladur\u00e9e Beautiful Magnolia Moments Of Love Fragrance Set  I AM BEAUTIFUL.  Beautiful Magnolia celebrates the multitudes you contain. Your beautiful dualities.  The multi-dimensional blend fills the air with signature notes of lush Magnolia, solar Gardenia, warm Woods, and luminous Musk.  Est\u00e9e Lauder and Ladur\u00e9e invite you to indulge in the extraordinary. An enchanting world that redefines the essence of beauty and romance. This one-of-a-kind collection blends the decadent allure of Ladur\u00e9e\u2019s confections with the sophistication of Est\u00e9e Lauder\u2019s iconic beauty expertise. Together Est\u00e9e Lauder and Ladur\u00e9e have crafted a captivating sensorial experience. Enjoy this fragrance collection in a limited edition design\u2014the perfect gift set for yourself or someone else.\" \/>\n<meta property=\"og:url\" content=\"https:\/\/rustans-thebeautysource.com\/en\/product\/estee-lauder-x-laduree-beautiful-magnolia-moments-of-love-fragrance-set\/\" \/>\n<meta property=\"og:site_name\" content=\"Rustan&#039;s The Beauty Source\" \/>\n<meta property=\"article:publisher\" content=\"https:\/\/www.facebook.com\/RustansTheBeautySource\/\" \/>\n<meta property=\"article:modified_time\" content=\"2025-04-25T10:23:02+00:00\" \/>\n<meta property=\"og:image\" content=\"https:\/\/rustans-thebeautysource.com\/en\/wp-content\/uploads\/2025\/04\/3369406.jpg\" \/>\n\t<meta property=\"og:image:width\" content=\"1024\" \/>\n\t<meta property=\"og:image:height\" content=\"1024\" \/>\n<meta name=\"twitter:card\" content=\"summary\" \/>\n<meta name=\"twitter:site\" content=\"@rustansbeauty\" \/>\n<!-- \/ Yoast SEO plugin. -->","yoast_head_json":{"title":"Est\u00e9e Lauder x Ladur\u00e9e Beautiful Magnolia Moments Of Love Fragrance Set - Rustan&#039;s The Beauty Source","robots":{"index":"index","follow":"follow","max-snippet":"max-snippet:-1","max-image-preview":"max-image-preview:large","max-video-preview":"max-video-preview:-1"},"canonical":"https:\/\/rustans-thebeautysource.com\/en\/product\/estee-lauder-x-laduree-beautiful-magnolia-moments-of-love-fragrance-set\/","og_locale":"en_US","og_type":"article","og_title":"Est\u00e9e Lauder x Ladur\u00e9e Beautiful Magnolia Moments Of Love Fragrance Set - Rustan&#039;s The Beauty Source","og_description":"Est\u00e9e Lauder x Ladur\u00e9e Beautiful Magnolia Moments Of Love Fragrance Set  I AM BEAUTIFUL.  Beautiful Magnolia celebrates the multitudes you contain. Your beautiful dualities.  The multi-dimensional blend fills the air with signature notes of lush Magnolia, solar Gardenia, warm Woods, and luminous Musk.  Est\u00e9e Lauder and Ladur\u00e9e invite you to indulge in the extraordinary. An enchanting world that redefines the essence of beauty and romance. This one-of-a-kind collection blends the decadent allure of Ladur\u00e9e\u2019s confections with the sophistication of Est\u00e9e Lauder\u2019s iconic beauty expertise. Together Est\u00e9e Lauder and Ladur\u00e9e have crafted a captivating sensorial experience. Enjoy this fragrance collection in a limited edition design\u2014the perfect gift set for yourself or someone else.","og_url":"https:\/\/rustans-thebeautysource.com\/en\/product\/estee-lauder-x-laduree-beautiful-magnolia-moments-of-love-fragrance-set\/","og_site_name":"Rustan&#039;s The Beauty Source","article_publisher":"https:\/\/www.facebook.com\/RustansTheBeautySource\/","article_modified_time":"2025-04-25T10:23:02+00:00","og_image":[{"width":1024,"height":1024,"url":"https:\/\/rustans-thebeautysource.com\/en\/wp-content\/uploads\/2025\/04\/3369406.jpg","type":"image\/jpeg"}],"twitter_card":"summary","twitter_site":"@rustansbeauty","schema":{"@context":"https:\/\/schema.org","@graph":[{"@type":"Organization","@id":"https:\/\/rustans-thebeautysource.com\/en\/#organization","name":"Rustan's The Beauty Source","url":"https:\/\/rustans-thebeautysource.com\/en\/","sameAs":["https:\/\/www.facebook.com\/RustansTheBeautySource\/","https:\/\/www.instagram.com\/rustansthebeautysource\/","https:\/\/www.youtube.com\/channel\/UC32rhvWHoj6ImmX9R6FO6Wg","https:\/\/twitter.com\/rustansbeauty"],"logo":{"@type":"ImageObject","@id":"https:\/\/rustans-thebeautysource.com\/en\/#logo","inLanguage":"en-US","url":"https:\/\/rustans-thebeautysource.com\/en\/wp-content\/uploads\/2019\/03\/rustans-the-beauty-source.png","contentUrl":"https:\/\/rustans-thebeautysource.com\/en\/wp-content\/uploads\/2019\/03\/rustans-the-beauty-source.png","width":1617,"height":761,"caption":"Rustan's The Beauty Source"},"image":{"@id":"https:\/\/rustans-thebeautysource.com\/en\/#logo"}},{"@type":"WebSite","@id":"https:\/\/rustans-thebeautysource.com\/en\/#website","url":"https:\/\/rustans-thebeautysource.com\/en\/","name":"Rustan&#039;s The Beauty Source","description":"Elite Beauty Brands in The Philippines","publisher":{"@id":"https:\/\/rustans-thebeautysource.com\/en\/#organization"},"potentialAction":[{"@type":"SearchAction","target":{"@type":"EntryPoint","urlTemplate":"https:\/\/rustans-thebeautysource.com\/en\/?s={search_term_string}"},"query-input":"required name=search_term_string"}],"inLanguage":"en-US"},{"@type":"ImageObject","@id":"https:\/\/rustans-thebeautysource.com\/en\/product\/estee-lauder-x-laduree-beautiful-magnolia-moments-of-love-fragrance-set\/#primaryimage","inLanguage":"en-US","url":"https:\/\/rustans-thebeautysource.com\/en\/wp-content\/uploads\/2025\/04\/3369406.jpg","contentUrl":"https:\/\/rustans-thebeautysource.com\/en\/wp-content\/uploads\/2025\/04\/3369406.jpg","width":1024,"height":1024},{"@type":"WebPage","@id":"https:\/\/rustans-thebeautysource.com\/en\/product\/estee-lauder-x-laduree-beautiful-magnolia-moments-of-love-fragrance-set\/#webpage","url":"https:\/\/rustans-thebeautysource.com\/en\/product\/estee-lauder-x-laduree-beautiful-magnolia-moments-of-love-fragrance-set\/","name":"Est\u00e9e Lauder x Ladur\u00e9e Beautiful Magnolia Moments Of Love Fragrance Set - Rustan&#039;s The Beauty Source","isPartOf":{"@id":"https:\/\/rustans-thebeautysource.com\/en\/#website"},"primaryImageOfPage":{"@id":"https:\/\/rustans-thebeautysource.com\/en\/product\/estee-lauder-x-laduree-beautiful-magnolia-moments-of-love-fragrance-set\/#primaryimage"},"datePublished":"2025-04-25T10:23:00+00:00","dateModified":"2025-04-25T10:23:02+00:00","breadcrumb":{"@id":"https:\/\/rustans-thebeautysource.com\/en\/product\/estee-lauder-x-laduree-beautiful-magnolia-moments-of-love-fragrance-set\/#breadcrumb"},"inLanguage":"en-US","potentialAction":[{"@type":"ReadAction","target":["https:\/\/rustans-thebeautysource.com\/en\/product\/estee-lauder-x-laduree-beautiful-magnolia-moments-of-love-fragrance-set\/"]}]},{"@type":"BreadcrumbList","@id":"https:\/\/rustans-thebeautysource.com\/en\/product\/estee-lauder-x-laduree-beautiful-magnolia-moments-of-love-fragrance-set\/#breadcrumb","itemListElement":[{"@type":"ListItem","position":1,"name":"Home","item":"https:\/\/rustans-thebeautysource.com\/en\/"},{"@type":"ListItem","position":2,"name":"Shop","item":"https:\/\/rustans-thebeautysource.com\/en\/products\/"},{"@type":"ListItem","position":3,"name":"Est\u00e9e Lauder x Ladur\u00e9e Beautiful Magnolia Moments Of Love Fragrance Set"}]}]}},"_links":{"self":[{"href":"https:\/\/rustans-thebeautysource.com\/en\/wp-json\/wp\/v2\/product\/742451"}],"collection":[{"href":"https:\/\/rustans-thebeautysource.com\/en\/wp-json\/wp\/v2\/product"}],"about":[{"href":"https:\/\/rustans-thebeautysource.com\/en\/wp-json\/wp\/v2\/types\/product"}],"replies":[{"embeddable":true,"href":"https:\/\/rustans-thebeautysource.com\/en\/wp-json\/wp\/v2\/comments?post=742451"}],"wp:featuredmedia":[{"embeddable":true,"href":"https:\/\/rustans-thebeautysource.com\/en\/wp-json\/wp\/v2\/media\/742452"}],"wp:attachment":[{"href":"https:\/\/rustans-thebeautysource.com\/en\/wp-json\/wp\/v2\/media?parent=742451"}],"wp:term":[{"taxonomy":"product_cat","embeddable":true,"href":"https:\/\/rustans-thebeautysource.com\/en\/wp-json\/wp\/v2\/product_cat?post=742451"},{"taxonomy":"product_tag","embeddable":true,"href":"https:\/\/rustans-thebeautysource.com\/en\/wp-json\/wp\/v2\/product_tag?post=742451"}],"curies":[{"name":"wp","href":"https:\/\/api.w.org\/{rel}","templated":true}]}}