{"id":742420,"date":"2025-04-24T16:43:52","date_gmt":"2025-04-24T08:43:52","guid":{"rendered":"https:\/\/rustans-thebeautysource.com\/en\/?post_type=product&#038;p=742420"},"modified":"2025-05-02T16:09:59","modified_gmt":"2025-05-02T08:09:59","slug":"212-vip-rose-elixir-eau-de-parfum","status":"publish","type":"product","link":"https:\/\/rustans-thebeautysource.com\/en\/product\/212-vip-rose-elixir-eau-de-parfum\/","title":{"rendered":"212 VIP Ros\u00e9 Elixir Eau de Parfum"},"content":{"rendered":"","protected":false},"excerpt":{"rendered":"<p>Carolina Herrera 212 VIP Ros\u00e9 Elixir is a sensual, more intense interpretation of 212 VIP Ros\u00e9, housed in a pink d\u00e9grad\u00e9 glitter bottle. A declaration of joy, freedom, and femininity, this elixir eau de parfum invites you to celebrate the beauty of being yourself with every single spritz. Bringing fresh intensity and added sparkle to our iconic scent, this ultra-feminine fragrance showcases a floral and spicy base with peach blossom notes as effervescent as a glass of ros\u00e9.<\/p>\n","protected":false},"featured_media":742421,"comment_status":"open","ping_status":"closed","template":"","meta":[],"product_cat":[9945,504,26,133],"product_tag":[],"acf":[],"yoast_head":"<!-- This site is optimized with the Yoast SEO plugin v17.7 - https:\/\/yoast.com\/wordpress\/plugins\/seo\/ -->\n<title>212 VIP Ros\u00e9 Elixir Eau de Parfum - Rustan&#039;s The Beauty Source<\/title>\n<meta name=\"robots\" content=\"index, follow, max-snippet:-1, max-image-preview:large, max-video-preview:-1\" \/>\n<link rel=\"canonical\" href=\"https:\/\/rustans-thebeautysource.com\/en\/product\/212-vip-rose-elixir-eau-de-parfum\/\" \/>\n<meta property=\"og:locale\" content=\"en_US\" \/>\n<meta property=\"og:type\" content=\"article\" \/>\n<meta property=\"og:title\" content=\"212 VIP Ros\u00e9 Elixir Eau de Parfum - Rustan&#039;s The Beauty Source\" \/>\n<meta property=\"og:description\" content=\"Carolina Herrera 212 VIP Ros\u00e9 Elixir is a sensual, more intense interpretation of 212 VIP Ros\u00e9, housed in a pink d\u00e9grad\u00e9 glitter bottle. A declaration of joy, freedom, and femininity, this elixir eau de parfum invites you to celebrate the beauty of being yourself with every single spritz. Bringing fresh intensity and added sparkle to our iconic scent, this ultra-feminine fragrance showcases a floral and spicy base with peach blossom notes as effervescent as a glass of ros\u00e9.\" \/>\n<meta property=\"og:url\" content=\"https:\/\/rustans-thebeautysource.com\/en\/product\/212-vip-rose-elixir-eau-de-parfum\/\" \/>\n<meta property=\"og:site_name\" content=\"Rustan&#039;s The Beauty Source\" \/>\n<meta property=\"article:publisher\" content=\"https:\/\/www.facebook.com\/RustansTheBeautySource\/\" \/>\n<meta property=\"article:modified_time\" content=\"2025-05-02T08:09:59+00:00\" \/>\n<meta property=\"og:image\" content=\"https:\/\/rustans-thebeautysource.com\/en\/wp-content\/uploads\/2025\/04\/3210762.jpg\" \/>\n\t<meta property=\"og:image:width\" content=\"1024\" \/>\n\t<meta property=\"og:image:height\" content=\"1024\" \/>\n<meta name=\"twitter:card\" content=\"summary\" \/>\n<meta name=\"twitter:site\" content=\"@rustansbeauty\" \/>\n<!-- \/ Yoast SEO plugin. -->","yoast_head_json":{"title":"212 VIP Ros\u00e9 Elixir Eau de Parfum - Rustan&#039;s The Beauty Source","robots":{"index":"index","follow":"follow","max-snippet":"max-snippet:-1","max-image-preview":"max-image-preview:large","max-video-preview":"max-video-preview:-1"},"canonical":"https:\/\/rustans-thebeautysource.com\/en\/product\/212-vip-rose-elixir-eau-de-parfum\/","og_locale":"en_US","og_type":"article","og_title":"212 VIP Ros\u00e9 Elixir Eau de Parfum - Rustan&#039;s The Beauty Source","og_description":"Carolina Herrera 212 VIP Ros\u00e9 Elixir is a sensual, more intense interpretation of 212 VIP Ros\u00e9, housed in a pink d\u00e9grad\u00e9 glitter bottle. A declaration of joy, freedom, and femininity, this elixir eau de parfum invites you to celebrate the beauty of being yourself with every single spritz. Bringing fresh intensity and added sparkle to our iconic scent, this ultra-feminine fragrance showcases a floral and spicy base with peach blossom notes as effervescent as a glass of ros\u00e9.","og_url":"https:\/\/rustans-thebeautysource.com\/en\/product\/212-vip-rose-elixir-eau-de-parfum\/","og_site_name":"Rustan&#039;s The Beauty Source","article_publisher":"https:\/\/www.facebook.com\/RustansTheBeautySource\/","article_modified_time":"2025-05-02T08:09:59+00:00","og_image":[{"width":1024,"height":1024,"url":"https:\/\/rustans-thebeautysource.com\/en\/wp-content\/uploads\/2025\/04\/3210762.jpg","type":"image\/jpeg"}],"twitter_card":"summary","twitter_site":"@rustansbeauty","schema":{"@context":"https:\/\/schema.org","@graph":[{"@type":"Organization","@id":"https:\/\/rustans-thebeautysource.com\/en\/#organization","name":"Rustan's The Beauty Source","url":"https:\/\/rustans-thebeautysource.com\/en\/","sameAs":["https:\/\/www.facebook.com\/RustansTheBeautySource\/","https:\/\/www.instagram.com\/rustansthebeautysource\/","https:\/\/www.youtube.com\/channel\/UC32rhvWHoj6ImmX9R6FO6Wg","https:\/\/twitter.com\/rustansbeauty"],"logo":{"@type":"ImageObject","@id":"https:\/\/rustans-thebeautysource.com\/en\/#logo","inLanguage":"en-US","url":"https:\/\/rustans-thebeautysource.com\/en\/wp-content\/uploads\/2019\/03\/rustans-the-beauty-source.png","contentUrl":"https:\/\/rustans-thebeautysource.com\/en\/wp-content\/uploads\/2019\/03\/rustans-the-beauty-source.png","width":1617,"height":761,"caption":"Rustan's The Beauty Source"},"image":{"@id":"https:\/\/rustans-thebeautysource.com\/en\/#logo"}},{"@type":"WebSite","@id":"https:\/\/rustans-thebeautysource.com\/en\/#website","url":"https:\/\/rustans-thebeautysource.com\/en\/","name":"Rustan&#039;s The Beauty Source","description":"Elite Beauty Brands in The Philippines","publisher":{"@id":"https:\/\/rustans-thebeautysource.com\/en\/#organization"},"potentialAction":[{"@type":"SearchAction","target":{"@type":"EntryPoint","urlTemplate":"https:\/\/rustans-thebeautysource.com\/en\/?s={search_term_string}"},"query-input":"required name=search_term_string"}],"inLanguage":"en-US"},{"@type":"ImageObject","@id":"https:\/\/rustans-thebeautysource.com\/en\/product\/212-vip-rose-elixir-eau-de-parfum\/#primaryimage","inLanguage":"en-US","url":"https:\/\/rustans-thebeautysource.com\/en\/wp-content\/uploads\/2025\/04\/3210762.jpg","contentUrl":"https:\/\/rustans-thebeautysource.com\/en\/wp-content\/uploads\/2025\/04\/3210762.jpg","width":1024,"height":1024},{"@type":"WebPage","@id":"https:\/\/rustans-thebeautysource.com\/en\/product\/212-vip-rose-elixir-eau-de-parfum\/#webpage","url":"https:\/\/rustans-thebeautysource.com\/en\/product\/212-vip-rose-elixir-eau-de-parfum\/","name":"212 VIP Ros\u00e9 Elixir Eau de Parfum - Rustan&#039;s The Beauty Source","isPartOf":{"@id":"https:\/\/rustans-thebeautysource.com\/en\/#website"},"primaryImageOfPage":{"@id":"https:\/\/rustans-thebeautysource.com\/en\/product\/212-vip-rose-elixir-eau-de-parfum\/#primaryimage"},"datePublished":"2025-04-24T08:43:52+00:00","dateModified":"2025-05-02T08:09:59+00:00","breadcrumb":{"@id":"https:\/\/rustans-thebeautysource.com\/en\/product\/212-vip-rose-elixir-eau-de-parfum\/#breadcrumb"},"inLanguage":"en-US","potentialAction":[{"@type":"ReadAction","target":["https:\/\/rustans-thebeautysource.com\/en\/product\/212-vip-rose-elixir-eau-de-parfum\/"]}]},{"@type":"BreadcrumbList","@id":"https:\/\/rustans-thebeautysource.com\/en\/product\/212-vip-rose-elixir-eau-de-parfum\/#breadcrumb","itemListElement":[{"@type":"ListItem","position":1,"name":"Home","item":"https:\/\/rustans-thebeautysource.com\/en\/"},{"@type":"ListItem","position":2,"name":"Shop","item":"https:\/\/rustans-thebeautysource.com\/en\/products\/"},{"@type":"ListItem","position":3,"name":"212 VIP Ros\u00e9 Elixir Eau de Parfum"}]}]}},"_links":{"self":[{"href":"https:\/\/rustans-thebeautysource.com\/en\/wp-json\/wp\/v2\/product\/742420"}],"collection":[{"href":"https:\/\/rustans-thebeautysource.com\/en\/wp-json\/wp\/v2\/product"}],"about":[{"href":"https:\/\/rustans-thebeautysource.com\/en\/wp-json\/wp\/v2\/types\/product"}],"replies":[{"embeddable":true,"href":"https:\/\/rustans-thebeautysource.com\/en\/wp-json\/wp\/v2\/comments?post=742420"}],"wp:featuredmedia":[{"embeddable":true,"href":"https:\/\/rustans-thebeautysource.com\/en\/wp-json\/wp\/v2\/media\/742421"}],"wp:attachment":[{"href":"https:\/\/rustans-thebeautysource.com\/en\/wp-json\/wp\/v2\/media?parent=742420"}],"wp:term":[{"taxonomy":"product_cat","embeddable":true,"href":"https:\/\/rustans-thebeautysource.com\/en\/wp-json\/wp\/v2\/product_cat?post=742420"},{"taxonomy":"product_tag","embeddable":true,"href":"https:\/\/rustans-thebeautysource.com\/en\/wp-json\/wp\/v2\/product_tag?post=742420"}],"curies":[{"name":"wp","href":"https:\/\/api.w.org\/{rel}","templated":true}]}}