{"id":738835,"date":"2024-12-02T11:39:59","date_gmt":"2024-12-02T03:39:59","guid":{"rendered":"https:\/\/rustans-thebeautysource.com\/en\/?post_type=product&#038;p=738835"},"modified":"2024-12-02T11:52:49","modified_gmt":"2024-12-02T03:52:49","slug":"eau-de-parfum-miniature-set","status":"publish","type":"product","link":"https:\/\/rustans-thebeautysource.com\/en\/product\/eau-de-parfum-miniature-set\/","title":{"rendered":"8 x 7.5ml Miniature Set"},"content":{"rendered":"","protected":false},"excerpt":{"rendered":"<p>A precious set containing 8 iconic fragrances of the Collection in an exceptional miniature.<\/p>\n<p>Composition:<\/p>\n<p>Moonlight Patchouli<br \/>\nPatchouli Blanc<br \/>\nCalifornia R\u00eaverie<br \/>\nBois d\u2019Amande<br \/>\nN\u00e9roli Amara<br \/>\nOrchid Leather<br \/>\nGard\u00e9nia P\u00e9tale<br \/>\nSantal Blanc<\/p>\n<p>8 X 7.5ml<\/p>\n","protected":false},"featured_media":738836,"comment_status":"open","ping_status":"closed","template":"","meta":[],"product_cat":[9851,26,6845],"product_tag":[],"acf":[],"yoast_head":"<!-- This site is optimized with the Yoast SEO plugin v17.7 - https:\/\/yoast.com\/wordpress\/plugins\/seo\/ -->\n<title>8 x 7.5ml Miniature Set - Rustan&#039;s The Beauty Source<\/title>\n<meta name=\"robots\" content=\"index, follow, max-snippet:-1, max-image-preview:large, max-video-preview:-1\" \/>\n<link rel=\"canonical\" href=\"https:\/\/rustans-thebeautysource.com\/en\/product\/eau-de-parfum-miniature-set\/\" \/>\n<meta property=\"og:locale\" content=\"en_US\" \/>\n<meta property=\"og:type\" content=\"article\" \/>\n<meta property=\"og:title\" content=\"8 x 7.5ml Miniature Set - Rustan&#039;s The Beauty Source\" \/>\n<meta property=\"og:description\" content=\"A precious set containing 8 iconic fragrances of the Collection in an exceptional miniature.  Composition:  Moonlight Patchouli Patchouli Blanc California R\u00eaverie Bois d\u2019Amande N\u00e9roli Amara Orchid Leather Gard\u00e9nia P\u00e9tale Santal Blanc  8 X 7.5ml\" \/>\n<meta property=\"og:url\" content=\"https:\/\/rustans-thebeautysource.com\/en\/product\/eau-de-parfum-miniature-set\/\" \/>\n<meta property=\"og:site_name\" content=\"Rustan&#039;s The Beauty Source\" \/>\n<meta property=\"article:publisher\" content=\"https:\/\/www.facebook.com\/RustansTheBeautySource\/\" \/>\n<meta property=\"article:modified_time\" content=\"2024-12-02T03:52:49+00:00\" \/>\n<meta property=\"og:image\" content=\"https:\/\/rustans-thebeautysource.com\/en\/wp-content\/uploads\/2024\/12\/3318111.jpg\" \/>\n\t<meta property=\"og:image:width\" content=\"1024\" \/>\n\t<meta property=\"og:image:height\" content=\"1024\" \/>\n<meta name=\"twitter:card\" content=\"summary\" \/>\n<meta name=\"twitter:site\" content=\"@rustansbeauty\" \/>\n<!-- \/ Yoast SEO plugin. -->","yoast_head_json":{"title":"8 x 7.5ml Miniature Set - Rustan&#039;s The Beauty Source","robots":{"index":"index","follow":"follow","max-snippet":"max-snippet:-1","max-image-preview":"max-image-preview:large","max-video-preview":"max-video-preview:-1"},"canonical":"https:\/\/rustans-thebeautysource.com\/en\/product\/eau-de-parfum-miniature-set\/","og_locale":"en_US","og_type":"article","og_title":"8 x 7.5ml Miniature Set - Rustan&#039;s The Beauty Source","og_description":"A precious set containing 8 iconic fragrances of the Collection in an exceptional miniature.  Composition:  Moonlight Patchouli Patchouli Blanc California R\u00eaverie Bois d\u2019Amande N\u00e9roli Amara Orchid Leather Gard\u00e9nia P\u00e9tale Santal Blanc  8 X 7.5ml","og_url":"https:\/\/rustans-thebeautysource.com\/en\/product\/eau-de-parfum-miniature-set\/","og_site_name":"Rustan&#039;s The Beauty Source","article_publisher":"https:\/\/www.facebook.com\/RustansTheBeautySource\/","article_modified_time":"2024-12-02T03:52:49+00:00","og_image":[{"width":1024,"height":1024,"url":"https:\/\/rustans-thebeautysource.com\/en\/wp-content\/uploads\/2024\/12\/3318111.jpg","type":"image\/jpeg"}],"twitter_card":"summary","twitter_site":"@rustansbeauty","schema":{"@context":"https:\/\/schema.org","@graph":[{"@type":"Organization","@id":"https:\/\/rustans-thebeautysource.com\/en\/#organization","name":"Rustan's The Beauty Source","url":"https:\/\/rustans-thebeautysource.com\/en\/","sameAs":["https:\/\/www.facebook.com\/RustansTheBeautySource\/","https:\/\/www.instagram.com\/rustansthebeautysource\/","https:\/\/www.youtube.com\/channel\/UC32rhvWHoj6ImmX9R6FO6Wg","https:\/\/twitter.com\/rustansbeauty"],"logo":{"@type":"ImageObject","@id":"https:\/\/rustans-thebeautysource.com\/en\/#logo","inLanguage":"en-US","url":"https:\/\/rustans-thebeautysource.com\/en\/wp-content\/uploads\/2019\/03\/rustans-the-beauty-source.png","contentUrl":"https:\/\/rustans-thebeautysource.com\/en\/wp-content\/uploads\/2019\/03\/rustans-the-beauty-source.png","width":1617,"height":761,"caption":"Rustan's The Beauty Source"},"image":{"@id":"https:\/\/rustans-thebeautysource.com\/en\/#logo"}},{"@type":"WebSite","@id":"https:\/\/rustans-thebeautysource.com\/en\/#website","url":"https:\/\/rustans-thebeautysource.com\/en\/","name":"Rustan&#039;s The Beauty Source","description":"Elite Beauty Brands in The Philippines","publisher":{"@id":"https:\/\/rustans-thebeautysource.com\/en\/#organization"},"potentialAction":[{"@type":"SearchAction","target":{"@type":"EntryPoint","urlTemplate":"https:\/\/rustans-thebeautysource.com\/en\/?s={search_term_string}"},"query-input":"required name=search_term_string"}],"inLanguage":"en-US"},{"@type":"ImageObject","@id":"https:\/\/rustans-thebeautysource.com\/en\/product\/eau-de-parfum-miniature-set\/#primaryimage","inLanguage":"en-US","url":"https:\/\/rustans-thebeautysource.com\/en\/wp-content\/uploads\/2024\/12\/3318111.jpg","contentUrl":"https:\/\/rustans-thebeautysource.com\/en\/wp-content\/uploads\/2024\/12\/3318111.jpg","width":1024,"height":1024},{"@type":"WebPage","@id":"https:\/\/rustans-thebeautysource.com\/en\/product\/eau-de-parfum-miniature-set\/#webpage","url":"https:\/\/rustans-thebeautysource.com\/en\/product\/eau-de-parfum-miniature-set\/","name":"8 x 7.5ml Miniature Set - Rustan&#039;s The Beauty Source","isPartOf":{"@id":"https:\/\/rustans-thebeautysource.com\/en\/#website"},"primaryImageOfPage":{"@id":"https:\/\/rustans-thebeautysource.com\/en\/product\/eau-de-parfum-miniature-set\/#primaryimage"},"datePublished":"2024-12-02T03:39:59+00:00","dateModified":"2024-12-02T03:52:49+00:00","breadcrumb":{"@id":"https:\/\/rustans-thebeautysource.com\/en\/product\/eau-de-parfum-miniature-set\/#breadcrumb"},"inLanguage":"en-US","potentialAction":[{"@type":"ReadAction","target":["https:\/\/rustans-thebeautysource.com\/en\/product\/eau-de-parfum-miniature-set\/"]}]},{"@type":"BreadcrumbList","@id":"https:\/\/rustans-thebeautysource.com\/en\/product\/eau-de-parfum-miniature-set\/#breadcrumb","itemListElement":[{"@type":"ListItem","position":1,"name":"Home","item":"https:\/\/rustans-thebeautysource.com\/en\/"},{"@type":"ListItem","position":2,"name":"Shop","item":"https:\/\/rustans-thebeautysource.com\/en\/products\/"},{"@type":"ListItem","position":3,"name":"8 x 7.5ml Miniature Set"}]}]}},"_links":{"self":[{"href":"https:\/\/rustans-thebeautysource.com\/en\/wp-json\/wp\/v2\/product\/738835"}],"collection":[{"href":"https:\/\/rustans-thebeautysource.com\/en\/wp-json\/wp\/v2\/product"}],"about":[{"href":"https:\/\/rustans-thebeautysource.com\/en\/wp-json\/wp\/v2\/types\/product"}],"replies":[{"embeddable":true,"href":"https:\/\/rustans-thebeautysource.com\/en\/wp-json\/wp\/v2\/comments?post=738835"}],"wp:featuredmedia":[{"embeddable":true,"href":"https:\/\/rustans-thebeautysource.com\/en\/wp-json\/wp\/v2\/media\/738836"}],"wp:attachment":[{"href":"https:\/\/rustans-thebeautysource.com\/en\/wp-json\/wp\/v2\/media?parent=738835"}],"wp:term":[{"taxonomy":"product_cat","embeddable":true,"href":"https:\/\/rustans-thebeautysource.com\/en\/wp-json\/wp\/v2\/product_cat?post=738835"},{"taxonomy":"product_tag","embeddable":true,"href":"https:\/\/rustans-thebeautysource.com\/en\/wp-json\/wp\/v2\/product_tag?post=738835"}],"curies":[{"name":"wp","href":"https:\/\/api.w.org\/{rel}","templated":true}]}}