{"id":736545,"date":"2024-11-26T16:23:10","date_gmt":"2024-11-26T08:23:10","guid":{"rendered":"https:\/\/rustans-thebeautysource.com\/en\/?post_type=product&#038;p=736545"},"modified":"2025-10-20T10:29:11","modified_gmt":"2025-10-20T02:29:11","slug":"sisleya-lintegral-anti-age-prestige-vanity","status":"publish","type":"product","link":"https:\/\/rustans-thebeautysource.com\/en\/product\/sisleya-lintegral-anti-age-prestige-vanity\/","title":{"rendered":"Sisle\u00ffa L&#8217;Integral Anti-Age Prestige Vanity"},"content":{"rendered":"","protected":false},"excerpt":{"rendered":"<p>The Prestige Vanity Sisle\u00ffa L&#8217;Int\u00e9gral Anti-Age contains full sizes of:<br \/>\nSisle\u00ffa L&#8217;Int\u00e9gral Anti-Age Firming Concentrated Serum (30 ml), the powerful anti-aging serum for a targeted visible firming benefit. Morning and evening.<\/p>\n<p>Sisle\u00ffa L&#8217;Int\u00e9gral Anti-Age (50 ml), the powerful skin care to address most of the visible signs of aging. Visible results on the appearance of wrinkles, firmness, radiance, tone and hydration. Morning and evening.<\/p>\n<p>Sisle\u00ffa L&#8217;Int\u00e9gral Anti-Age Eye and Lip Contour Cream (15ml) and its massage tool, the eye and lip contour cream with visible anti-wrinkle and firming effect. It targets the appearance of puffiness and dark circles. Morning and evening.<\/p>\n<p>This set also includes deluxe travel size gifts of:<br \/>\nEau Efficace (30 ml), the gentle, sensorial and micellar water. As a 3 in 1, it removes face and eye make-up, cleanses and tones the skin.<\/p>\n<p>Sisle\u00ffa Essential Skin Care Lotion (15 ml), the moisturizing and nourishing preparatory lotion with anti-aging benefits. Primes the skin, making it more receptive to subsequent skincare.<\/p>\n<p>All Day All Year (10 ml), is the perfect day care product, supporting the skin by acting as a global protective shield. It protects the skin to keep the skin looking younger for longer.<\/p>\n<p>L&#8217;Eau R\u00eav\u00e9e d&#8217;Hubert (1.8 ml), a universal Eau de toilette, fresh, with clear green notes and earthy, botanical accents giving it a refined, natural scent.<\/p>\n<p>Phyto-Lip Twist 11 Litchi (1 g), a tinted balm, colored like a lipstick and shiny like a gloss. It leaves the lips feeling supple, moisturized and visibly smoothed.<\/p>\n","protected":false},"featured_media":736546,"comment_status":"open","ping_status":"closed","template":"","meta":[],"product_cat":[149,29,6841],"product_tag":[],"acf":[],"yoast_head":"<!-- This site is optimized with the Yoast SEO plugin v17.7 - https:\/\/yoast.com\/wordpress\/plugins\/seo\/ -->\n<title>Sisle\u00ffa L&#039;Integral Anti-Age Prestige Vanity - Rustan&#039;s The Beauty Source<\/title>\n<meta name=\"robots\" content=\"index, follow, max-snippet:-1, max-image-preview:large, max-video-preview:-1\" \/>\n<link rel=\"canonical\" href=\"https:\/\/rustans-thebeautysource.com\/en\/product\/sisleya-lintegral-anti-age-prestige-vanity\/\" \/>\n<meta property=\"og:locale\" content=\"en_US\" \/>\n<meta property=\"og:type\" content=\"article\" \/>\n<meta property=\"og:title\" content=\"Sisle\u00ffa L&#039;Integral Anti-Age Prestige Vanity - Rustan&#039;s The Beauty Source\" \/>\n<meta property=\"og:description\" content=\"The Prestige Vanity Sisle\u00ffa L&#039;Int\u00e9gral Anti-Age contains full sizes of: Sisle\u00ffa L&#039;Int\u00e9gral Anti-Age Firming Concentrated Serum (30 ml), the powerful anti-aging serum for a targeted visible firming benefit. Morning and evening.  Sisle\u00ffa L&#039;Int\u00e9gral Anti-Age (50 ml), the powerful skin care to address most of the visible signs of aging. Visible results on the appearance of wrinkles, firmness, radiance, tone and hydration. Morning and evening.  Sisle\u00ffa L&#039;Int\u00e9gral Anti-Age Eye and Lip Contour Cream (15ml) and its massage tool, the eye and lip contour cream with visible anti-wrinkle and firming effect. It targets the appearance of puffiness and dark circles. Morning and evening.  This set also includes deluxe travel size gifts of: Eau Efficace (30 ml), the gentle, sensorial and micellar water. As a 3 in 1, it removes face and eye make-up, cleanses and tones the skin.  Sisle\u00ffa Essential Skin Care Lotion (15 ml), the moisturizing and nourishing preparatory lotion with anti-aging benefits. Primes the skin, making it more receptive to subsequent skincare.  All Day All Year (10 ml), is the perfect day care product, supporting the skin by acting as a global protective shield. It protects the skin to keep the skin looking younger for longer.  L&#039;Eau R\u00eav\u00e9e d&#039;Hubert (1.8 ml), a universal Eau de toilette, fresh, with clear green notes and earthy, botanical accents giving it a refined, natural scent.  Phyto-Lip Twist 11 Litchi (1 g), a tinted balm, colored like a lipstick and shiny like a gloss. It leaves the lips feeling supple, moisturized and visibly smoothed.\" \/>\n<meta property=\"og:url\" content=\"https:\/\/rustans-thebeautysource.com\/en\/product\/sisleya-lintegral-anti-age-prestige-vanity\/\" \/>\n<meta property=\"og:site_name\" content=\"Rustan&#039;s The Beauty Source\" \/>\n<meta property=\"article:publisher\" content=\"https:\/\/www.facebook.com\/RustansTheBeautySource\/\" \/>\n<meta property=\"article:modified_time\" content=\"2025-10-20T02:29:11+00:00\" \/>\n<meta property=\"og:image\" content=\"https:\/\/rustans-thebeautysource.com\/en\/wp-content\/uploads\/2024\/11\/3323617.jpg\" \/>\n\t<meta property=\"og:image:width\" content=\"1024\" \/>\n\t<meta property=\"og:image:height\" content=\"1024\" \/>\n<meta name=\"twitter:card\" content=\"summary\" \/>\n<meta name=\"twitter:site\" content=\"@rustansbeauty\" \/>\n<!-- \/ Yoast SEO plugin. -->","yoast_head_json":{"title":"Sisle\u00ffa L'Integral Anti-Age Prestige Vanity - Rustan&#039;s The Beauty Source","robots":{"index":"index","follow":"follow","max-snippet":"max-snippet:-1","max-image-preview":"max-image-preview:large","max-video-preview":"max-video-preview:-1"},"canonical":"https:\/\/rustans-thebeautysource.com\/en\/product\/sisleya-lintegral-anti-age-prestige-vanity\/","og_locale":"en_US","og_type":"article","og_title":"Sisle\u00ffa L'Integral Anti-Age Prestige Vanity - Rustan&#039;s The Beauty Source","og_description":"The Prestige Vanity Sisle\u00ffa L'Int\u00e9gral Anti-Age contains full sizes of: Sisle\u00ffa L'Int\u00e9gral Anti-Age Firming Concentrated Serum (30 ml), the powerful anti-aging serum for a targeted visible firming benefit. Morning and evening.  Sisle\u00ffa L'Int\u00e9gral Anti-Age (50 ml), the powerful skin care to address most of the visible signs of aging. Visible results on the appearance of wrinkles, firmness, radiance, tone and hydration. Morning and evening.  Sisle\u00ffa L'Int\u00e9gral Anti-Age Eye and Lip Contour Cream (15ml) and its massage tool, the eye and lip contour cream with visible anti-wrinkle and firming effect. It targets the appearance of puffiness and dark circles. Morning and evening.  This set also includes deluxe travel size gifts of: Eau Efficace (30 ml), the gentle, sensorial and micellar water. As a 3 in 1, it removes face and eye make-up, cleanses and tones the skin.  Sisle\u00ffa Essential Skin Care Lotion (15 ml), the moisturizing and nourishing preparatory lotion with anti-aging benefits. Primes the skin, making it more receptive to subsequent skincare.  All Day All Year (10 ml), is the perfect day care product, supporting the skin by acting as a global protective shield. It protects the skin to keep the skin looking younger for longer.  L'Eau R\u00eav\u00e9e d'Hubert (1.8 ml), a universal Eau de toilette, fresh, with clear green notes and earthy, botanical accents giving it a refined, natural scent.  Phyto-Lip Twist 11 Litchi (1 g), a tinted balm, colored like a lipstick and shiny like a gloss. It leaves the lips feeling supple, moisturized and visibly smoothed.","og_url":"https:\/\/rustans-thebeautysource.com\/en\/product\/sisleya-lintegral-anti-age-prestige-vanity\/","og_site_name":"Rustan&#039;s The Beauty Source","article_publisher":"https:\/\/www.facebook.com\/RustansTheBeautySource\/","article_modified_time":"2025-10-20T02:29:11+00:00","og_image":[{"width":1024,"height":1024,"url":"https:\/\/rustans-thebeautysource.com\/en\/wp-content\/uploads\/2024\/11\/3323617.jpg","type":"image\/jpeg"}],"twitter_card":"summary","twitter_site":"@rustansbeauty","schema":{"@context":"https:\/\/schema.org","@graph":[{"@type":"Organization","@id":"https:\/\/rustans-thebeautysource.com\/en\/#organization","name":"Rustan's The Beauty Source","url":"https:\/\/rustans-thebeautysource.com\/en\/","sameAs":["https:\/\/www.facebook.com\/RustansTheBeautySource\/","https:\/\/www.instagram.com\/rustansthebeautysource\/","https:\/\/www.youtube.com\/channel\/UC32rhvWHoj6ImmX9R6FO6Wg","https:\/\/twitter.com\/rustansbeauty"],"logo":{"@type":"ImageObject","@id":"https:\/\/rustans-thebeautysource.com\/en\/#logo","inLanguage":"en-US","url":"https:\/\/rustans-thebeautysource.com\/en\/wp-content\/uploads\/2019\/03\/rustans-the-beauty-source.png","contentUrl":"https:\/\/rustans-thebeautysource.com\/en\/wp-content\/uploads\/2019\/03\/rustans-the-beauty-source.png","width":1617,"height":761,"caption":"Rustan's The Beauty Source"},"image":{"@id":"https:\/\/rustans-thebeautysource.com\/en\/#logo"}},{"@type":"WebSite","@id":"https:\/\/rustans-thebeautysource.com\/en\/#website","url":"https:\/\/rustans-thebeautysource.com\/en\/","name":"Rustan&#039;s The Beauty Source","description":"Elite Beauty Brands in The Philippines","publisher":{"@id":"https:\/\/rustans-thebeautysource.com\/en\/#organization"},"potentialAction":[{"@type":"SearchAction","target":{"@type":"EntryPoint","urlTemplate":"https:\/\/rustans-thebeautysource.com\/en\/?s={search_term_string}"},"query-input":"required name=search_term_string"}],"inLanguage":"en-US"},{"@type":"ImageObject","@id":"https:\/\/rustans-thebeautysource.com\/en\/product\/sisleya-lintegral-anti-age-prestige-vanity\/#primaryimage","inLanguage":"en-US","url":"https:\/\/rustans-thebeautysource.com\/en\/wp-content\/uploads\/2024\/11\/3323617.jpg","contentUrl":"https:\/\/rustans-thebeautysource.com\/en\/wp-content\/uploads\/2024\/11\/3323617.jpg","width":1024,"height":1024},{"@type":"WebPage","@id":"https:\/\/rustans-thebeautysource.com\/en\/product\/sisleya-lintegral-anti-age-prestige-vanity\/#webpage","url":"https:\/\/rustans-thebeautysource.com\/en\/product\/sisleya-lintegral-anti-age-prestige-vanity\/","name":"Sisle\u00ffa L'Integral Anti-Age Prestige Vanity - Rustan&#039;s The Beauty Source","isPartOf":{"@id":"https:\/\/rustans-thebeautysource.com\/en\/#website"},"primaryImageOfPage":{"@id":"https:\/\/rustans-thebeautysource.com\/en\/product\/sisleya-lintegral-anti-age-prestige-vanity\/#primaryimage"},"datePublished":"2024-11-26T08:23:10+00:00","dateModified":"2025-10-20T02:29:11+00:00","breadcrumb":{"@id":"https:\/\/rustans-thebeautysource.com\/en\/product\/sisleya-lintegral-anti-age-prestige-vanity\/#breadcrumb"},"inLanguage":"en-US","potentialAction":[{"@type":"ReadAction","target":["https:\/\/rustans-thebeautysource.com\/en\/product\/sisleya-lintegral-anti-age-prestige-vanity\/"]}]},{"@type":"BreadcrumbList","@id":"https:\/\/rustans-thebeautysource.com\/en\/product\/sisleya-lintegral-anti-age-prestige-vanity\/#breadcrumb","itemListElement":[{"@type":"ListItem","position":1,"name":"Home","item":"https:\/\/rustans-thebeautysource.com\/en\/"},{"@type":"ListItem","position":2,"name":"Shop","item":"https:\/\/rustans-thebeautysource.com\/en\/products\/"},{"@type":"ListItem","position":3,"name":"Sisle\u00ffa L&#8217;Integral Anti-Age Prestige Vanity"}]}]}},"_links":{"self":[{"href":"https:\/\/rustans-thebeautysource.com\/en\/wp-json\/wp\/v2\/product\/736545"}],"collection":[{"href":"https:\/\/rustans-thebeautysource.com\/en\/wp-json\/wp\/v2\/product"}],"about":[{"href":"https:\/\/rustans-thebeautysource.com\/en\/wp-json\/wp\/v2\/types\/product"}],"replies":[{"embeddable":true,"href":"https:\/\/rustans-thebeautysource.com\/en\/wp-json\/wp\/v2\/comments?post=736545"}],"wp:featuredmedia":[{"embeddable":true,"href":"https:\/\/rustans-thebeautysource.com\/en\/wp-json\/wp\/v2\/media\/736546"}],"wp:attachment":[{"href":"https:\/\/rustans-thebeautysource.com\/en\/wp-json\/wp\/v2\/media?parent=736545"}],"wp:term":[{"taxonomy":"product_cat","embeddable":true,"href":"https:\/\/rustans-thebeautysource.com\/en\/wp-json\/wp\/v2\/product_cat?post=736545"},{"taxonomy":"product_tag","embeddable":true,"href":"https:\/\/rustans-thebeautysource.com\/en\/wp-json\/wp\/v2\/product_tag?post=736545"}],"curies":[{"name":"wp","href":"https:\/\/api.w.org\/{rel}","templated":true}]}}