{"id":63479,"date":"2021-10-28T08:13:24","date_gmt":"2021-10-28T08:13:24","guid":{"rendered":"https:\/\/rustans-thebeautysource.com\/en\/?post_type=product&#038;p=63479"},"modified":"2021-10-28T08:13:25","modified_gmt":"2021-10-28T08:13:25","slug":"party-of-four-hand-creme-set","status":"publish","type":"product","link":"https:\/\/rustans-thebeautysource.com\/en\/product\/party-of-four-hand-creme-set\/","title":{"rendered":"Party of Four Hand Cr\u00e8me Set"},"content":{"rendered":"","protected":false},"excerpt":{"rendered":"<p>Nourishing hand cr\u00e8mes that leave hands feeling velvety soft with the unique essence of Ambre Vanille, Almond Coconut Milk, Cr\u00e8me Br\u00fbl\u00e9e and Fresh Fig. These deeply moisturizing hand cr\u00e8mes continue to nourish the hands well after it is absorbed into the skin.<\/p>\n<p>Ambre Vanille: The quiet sensuality of amber blends with the warmth of vanilla, and is enhanced with fresh notes of tangerine and tiger orchid, the delicious essence of almond and brown sugar, and a final hint of musky sandalwood for a finish that is soft, intimate and absolutely addictive.<br \/>\nAlmond Coconut Milk: This warming fragrance captures the essence of almond, coconut milk, jasmine, rosewood, ylang-ylang, vanilla, tonka, heliotrope and musk.<br \/>\nCr\u00e8me Br\u00fbl\u00e9e: This aromatic fragrance captures the essence of warm caramel, spun sugar and French vanilla bean.<br \/>\nFresh Fig: This unique scent envelops a fresh, clean aroma made up of fresh fig and sweet apricot nectar.<\/p>\n","protected":false},"featured_media":63481,"comment_status":"open","ping_status":"closed","template":"","meta":[],"product_cat":[531,32,6890],"product_tag":[8811],"acf":[],"yoast_head":"<!-- This site is optimized with the Yoast SEO plugin v17.7 - https:\/\/yoast.com\/wordpress\/plugins\/seo\/ -->\n<title>Party of Four Hand Cr\u00e8me Set - Rustan&#039;s The Beauty Source<\/title>\n<meta name=\"robots\" content=\"index, follow, max-snippet:-1, max-image-preview:large, max-video-preview:-1\" \/>\n<link rel=\"canonical\" href=\"https:\/\/rustans-thebeautysource.com\/en\/product\/party-of-four-hand-creme-set\/\" \/>\n<meta property=\"og:locale\" content=\"en_US\" \/>\n<meta property=\"og:type\" content=\"article\" \/>\n<meta property=\"og:title\" content=\"Party of Four Hand Cr\u00e8me Set - Rustan&#039;s The Beauty Source\" \/>\n<meta property=\"og:description\" content=\"Nourishing hand cr\u00e8mes that leave hands feeling velvety soft with the unique essence of Ambre Vanille, Almond Coconut Milk, Cr\u00e8me Br\u00fbl\u00e9e and Fresh Fig. These deeply moisturizing hand cr\u00e8mes continue to nourish the hands well after it is absorbed into the skin.  Ambre Vanille: The quiet sensuality of amber blends with the warmth of vanilla, and is enhanced with fresh notes of tangerine and tiger orchid, the delicious essence of almond and brown sugar, and a final hint of musky sandalwood for a finish that is soft, intimate and absolutely addictive. Almond Coconut Milk: This warming fragrance captures the essence of almond, coconut milk, jasmine, rosewood, ylang-ylang, vanilla, tonka, heliotrope and musk. Cr\u00e8me Br\u00fbl\u00e9e: This aromatic fragrance captures the essence of warm caramel, spun sugar and French vanilla bean. Fresh Fig: This unique scent envelops a fresh, clean aroma made up of fresh fig and sweet apricot nectar.\" \/>\n<meta property=\"og:url\" content=\"https:\/\/rustans-thebeautysource.com\/en\/product\/party-of-four-hand-creme-set\/\" \/>\n<meta property=\"og:site_name\" content=\"Rustan&#039;s The Beauty Source\" \/>\n<meta property=\"article:publisher\" content=\"https:\/\/www.facebook.com\/RustansTheBeautySource\/\" \/>\n<meta property=\"article:modified_time\" content=\"2021-10-28T08:13:25+00:00\" \/>\n<meta property=\"og:image\" content=\"https:\/\/rustans-thebeautysource.com\/en\/wp-content\/uploads\/2021\/10\/2813340.jpg\" \/>\n\t<meta property=\"og:image:width\" content=\"1024\" \/>\n\t<meta property=\"og:image:height\" content=\"1024\" \/>\n<meta name=\"twitter:card\" content=\"summary\" \/>\n<meta name=\"twitter:site\" content=\"@rustansbeauty\" \/>\n<!-- \/ Yoast SEO plugin. -->","yoast_head_json":{"title":"Party of Four Hand Cr\u00e8me Set - Rustan&#039;s The Beauty Source","robots":{"index":"index","follow":"follow","max-snippet":"max-snippet:-1","max-image-preview":"max-image-preview:large","max-video-preview":"max-video-preview:-1"},"canonical":"https:\/\/rustans-thebeautysource.com\/en\/product\/party-of-four-hand-creme-set\/","og_locale":"en_US","og_type":"article","og_title":"Party of Four Hand Cr\u00e8me Set - Rustan&#039;s The Beauty Source","og_description":"Nourishing hand cr\u00e8mes that leave hands feeling velvety soft with the unique essence of Ambre Vanille, Almond Coconut Milk, Cr\u00e8me Br\u00fbl\u00e9e and Fresh Fig. These deeply moisturizing hand cr\u00e8mes continue to nourish the hands well after it is absorbed into the skin.  Ambre Vanille: The quiet sensuality of amber blends with the warmth of vanilla, and is enhanced with fresh notes of tangerine and tiger orchid, the delicious essence of almond and brown sugar, and a final hint of musky sandalwood for a finish that is soft, intimate and absolutely addictive. Almond Coconut Milk: This warming fragrance captures the essence of almond, coconut milk, jasmine, rosewood, ylang-ylang, vanilla, tonka, heliotrope and musk. Cr\u00e8me Br\u00fbl\u00e9e: This aromatic fragrance captures the essence of warm caramel, spun sugar and French vanilla bean. Fresh Fig: This unique scent envelops a fresh, clean aroma made up of fresh fig and sweet apricot nectar.","og_url":"https:\/\/rustans-thebeautysource.com\/en\/product\/party-of-four-hand-creme-set\/","og_site_name":"Rustan&#039;s The Beauty Source","article_publisher":"https:\/\/www.facebook.com\/RustansTheBeautySource\/","article_modified_time":"2021-10-28T08:13:25+00:00","og_image":[{"width":1024,"height":1024,"url":"https:\/\/rustans-thebeautysource.com\/en\/wp-content\/uploads\/2021\/10\/2813340.jpg","type":"image\/jpeg"}],"twitter_card":"summary","twitter_site":"@rustansbeauty","schema":{"@context":"https:\/\/schema.org","@graph":[{"@type":"Organization","@id":"https:\/\/rustans-thebeautysource.com\/en\/#organization","name":"Rustan's The Beauty Source","url":"https:\/\/rustans-thebeautysource.com\/en\/","sameAs":["https:\/\/www.facebook.com\/RustansTheBeautySource\/","https:\/\/www.instagram.com\/rustansthebeautysource\/","https:\/\/www.youtube.com\/channel\/UC32rhvWHoj6ImmX9R6FO6Wg","https:\/\/twitter.com\/rustansbeauty"],"logo":{"@type":"ImageObject","@id":"https:\/\/rustans-thebeautysource.com\/en\/#logo","inLanguage":"en-US","url":"https:\/\/rustans-thebeautysource.com\/en\/wp-content\/uploads\/2019\/03\/rustans-the-beauty-source.png","contentUrl":"https:\/\/rustans-thebeautysource.com\/en\/wp-content\/uploads\/2019\/03\/rustans-the-beauty-source.png","width":1617,"height":761,"caption":"Rustan's The Beauty Source"},"image":{"@id":"https:\/\/rustans-thebeautysource.com\/en\/#logo"}},{"@type":"WebSite","@id":"https:\/\/rustans-thebeautysource.com\/en\/#website","url":"https:\/\/rustans-thebeautysource.com\/en\/","name":"Rustan&#039;s The Beauty Source","description":"Elite Beauty Brands in The Philippines","publisher":{"@id":"https:\/\/rustans-thebeautysource.com\/en\/#organization"},"potentialAction":[{"@type":"SearchAction","target":{"@type":"EntryPoint","urlTemplate":"https:\/\/rustans-thebeautysource.com\/en\/?s={search_term_string}"},"query-input":"required name=search_term_string"}],"inLanguage":"en-US"},{"@type":"ImageObject","@id":"https:\/\/rustans-thebeautysource.com\/en\/product\/party-of-four-hand-creme-set\/#primaryimage","inLanguage":"en-US","url":"https:\/\/rustans-thebeautysource.com\/en\/wp-content\/uploads\/2021\/10\/2813340.jpg","contentUrl":"https:\/\/rustans-thebeautysource.com\/en\/wp-content\/uploads\/2021\/10\/2813340.jpg","width":1024,"height":1024},{"@type":"WebPage","@id":"https:\/\/rustans-thebeautysource.com\/en\/product\/party-of-four-hand-creme-set\/#webpage","url":"https:\/\/rustans-thebeautysource.com\/en\/product\/party-of-four-hand-creme-set\/","name":"Party of Four Hand Cr\u00e8me Set - Rustan&#039;s The Beauty Source","isPartOf":{"@id":"https:\/\/rustans-thebeautysource.com\/en\/#website"},"primaryImageOfPage":{"@id":"https:\/\/rustans-thebeautysource.com\/en\/product\/party-of-four-hand-creme-set\/#primaryimage"},"datePublished":"2021-10-28T08:13:24+00:00","dateModified":"2021-10-28T08:13:25+00:00","breadcrumb":{"@id":"https:\/\/rustans-thebeautysource.com\/en\/product\/party-of-four-hand-creme-set\/#breadcrumb"},"inLanguage":"en-US","potentialAction":[{"@type":"ReadAction","target":["https:\/\/rustans-thebeautysource.com\/en\/product\/party-of-four-hand-creme-set\/"]}]},{"@type":"BreadcrumbList","@id":"https:\/\/rustans-thebeautysource.com\/en\/product\/party-of-four-hand-creme-set\/#breadcrumb","itemListElement":[{"@type":"ListItem","position":1,"name":"Home","item":"https:\/\/rustans-thebeautysource.com\/en\/"},{"@type":"ListItem","position":2,"name":"Shop","item":"https:\/\/rustans-thebeautysource.com\/en\/products\/"},{"@type":"ListItem","position":3,"name":"Party of Four Hand Cr\u00e8me Set"}]}]}},"_links":{"self":[{"href":"https:\/\/rustans-thebeautysource.com\/en\/wp-json\/wp\/v2\/product\/63479"}],"collection":[{"href":"https:\/\/rustans-thebeautysource.com\/en\/wp-json\/wp\/v2\/product"}],"about":[{"href":"https:\/\/rustans-thebeautysource.com\/en\/wp-json\/wp\/v2\/types\/product"}],"replies":[{"embeddable":true,"href":"https:\/\/rustans-thebeautysource.com\/en\/wp-json\/wp\/v2\/comments?post=63479"}],"wp:featuredmedia":[{"embeddable":true,"href":"https:\/\/rustans-thebeautysource.com\/en\/wp-json\/wp\/v2\/media\/63481"}],"wp:attachment":[{"href":"https:\/\/rustans-thebeautysource.com\/en\/wp-json\/wp\/v2\/media?parent=63479"}],"wp:term":[{"taxonomy":"product_cat","embeddable":true,"href":"https:\/\/rustans-thebeautysource.com\/en\/wp-json\/wp\/v2\/product_cat?post=63479"},{"taxonomy":"product_tag","embeddable":true,"href":"https:\/\/rustans-thebeautysource.com\/en\/wp-json\/wp\/v2\/product_tag?post=63479"}],"curies":[{"name":"wp","href":"https:\/\/api.w.org\/{rel}","templated":true}]}}