{"id":570930,"date":"2024-03-05T15:13:11","date_gmt":"2024-03-05T07:13:11","guid":{"rendered":"https:\/\/rustans-thebeautysource.com\/en\/?post_type=product&#038;p=570930"},"modified":"2024-04-19T12:54:29","modified_gmt":"2024-04-19T04:54:29","slug":"cozy-6-piece-set","status":"publish","type":"product","link":"https:\/\/rustans-thebeautysource.com\/en\/product\/cozy-6-piece-set\/","title":{"rendered":"Cozy (6-Piece Set)"},"content":{"rendered":"","protected":false},"excerpt":{"rendered":"<p>Is it the weather cooling that brings you pumpkin spice and all things nice? Nothing says fall foliage like muted colors, especially if you&#8217;re looking to transition your look for the season with shades that bring warmth and comfort just in time for the cooler months ahead. Enjoy the cozy weather this fall with this new nail polish set, inspired by cashmere, wool and all things cozy\u2026<\/p>\n<p>Includes: Pale September (full-coverage baby alpaca cr\u00e8me), October Trees (full-coverage natural wool cr\u00e8me), Sweet November (full-coverage lilac cashmere cr\u00e8me), Her December (full-coverage cotton rose cr\u00e8me), January Rain (full-coverage storm cloud cr\u00e8me), February Tale (full-coverage almond cr\u00e8me)<\/p>\n","protected":false},"featured_media":570931,"comment_status":"open","ping_status":"closed","template":"","meta":[],"product_cat":[9684,508,31,6878],"product_tag":[],"acf":[],"yoast_head":"<!-- This site is optimized with the Yoast SEO plugin v17.7 - https:\/\/yoast.com\/wordpress\/plugins\/seo\/ -->\n<title>Cozy (6-Piece Set) - Rustan&#039;s The Beauty Source<\/title>\n<meta name=\"robots\" content=\"index, follow, max-snippet:-1, max-image-preview:large, max-video-preview:-1\" \/>\n<link rel=\"canonical\" href=\"https:\/\/rustans-thebeautysource.com\/en\/product\/cozy-6-piece-set\/\" \/>\n<meta property=\"og:locale\" content=\"en_US\" \/>\n<meta property=\"og:type\" content=\"article\" \/>\n<meta property=\"og:title\" content=\"Cozy (6-Piece Set) - Rustan&#039;s The Beauty Source\" \/>\n<meta property=\"og:description\" content=\"Is it the weather cooling that brings you pumpkin spice and all things nice? Nothing says fall foliage like muted colors, especially if you&#039;re looking to transition your look for the season with shades that bring warmth and comfort just in time for the cooler months ahead. Enjoy the cozy weather this fall with this new nail polish set, inspired by cashmere, wool and all things cozy\u2026  Includes: Pale September (full-coverage baby alpaca cr\u00e8me), October Trees (full-coverage natural wool cr\u00e8me), Sweet November (full-coverage lilac cashmere cr\u00e8me), Her December (full-coverage cotton rose cr\u00e8me), January Rain (full-coverage storm cloud cr\u00e8me), February Tale (full-coverage almond cr\u00e8me)\" \/>\n<meta property=\"og:url\" content=\"https:\/\/rustans-thebeautysource.com\/en\/product\/cozy-6-piece-set\/\" \/>\n<meta property=\"og:site_name\" content=\"Rustan&#039;s The Beauty Source\" \/>\n<meta property=\"article:publisher\" content=\"https:\/\/www.facebook.com\/RustansTheBeautySource\/\" \/>\n<meta property=\"article:modified_time\" content=\"2024-04-19T04:54:29+00:00\" \/>\n<meta property=\"og:image\" content=\"https:\/\/rustans-thebeautysource.com\/en\/wp-content\/uploads\/2024\/03\/3192389.jpg\" \/>\n\t<meta property=\"og:image:width\" content=\"1024\" \/>\n\t<meta property=\"og:image:height\" content=\"1024\" \/>\n<meta name=\"twitter:card\" content=\"summary\" \/>\n<meta name=\"twitter:site\" content=\"@rustansbeauty\" \/>\n<!-- \/ Yoast SEO plugin. -->","yoast_head_json":{"title":"Cozy (6-Piece Set) - Rustan&#039;s The Beauty Source","robots":{"index":"index","follow":"follow","max-snippet":"max-snippet:-1","max-image-preview":"max-image-preview:large","max-video-preview":"max-video-preview:-1"},"canonical":"https:\/\/rustans-thebeautysource.com\/en\/product\/cozy-6-piece-set\/","og_locale":"en_US","og_type":"article","og_title":"Cozy (6-Piece Set) - Rustan&#039;s The Beauty Source","og_description":"Is it the weather cooling that brings you pumpkin spice and all things nice? Nothing says fall foliage like muted colors, especially if you're looking to transition your look for the season with shades that bring warmth and comfort just in time for the cooler months ahead. Enjoy the cozy weather this fall with this new nail polish set, inspired by cashmere, wool and all things cozy\u2026  Includes: Pale September (full-coverage baby alpaca cr\u00e8me), October Trees (full-coverage natural wool cr\u00e8me), Sweet November (full-coverage lilac cashmere cr\u00e8me), Her December (full-coverage cotton rose cr\u00e8me), January Rain (full-coverage storm cloud cr\u00e8me), February Tale (full-coverage almond cr\u00e8me)","og_url":"https:\/\/rustans-thebeautysource.com\/en\/product\/cozy-6-piece-set\/","og_site_name":"Rustan&#039;s The Beauty Source","article_publisher":"https:\/\/www.facebook.com\/RustansTheBeautySource\/","article_modified_time":"2024-04-19T04:54:29+00:00","og_image":[{"width":1024,"height":1024,"url":"https:\/\/rustans-thebeautysource.com\/en\/wp-content\/uploads\/2024\/03\/3192389.jpg","type":"image\/jpeg"}],"twitter_card":"summary","twitter_site":"@rustansbeauty","schema":{"@context":"https:\/\/schema.org","@graph":[{"@type":"Organization","@id":"https:\/\/rustans-thebeautysource.com\/en\/#organization","name":"Rustan's The Beauty Source","url":"https:\/\/rustans-thebeautysource.com\/en\/","sameAs":["https:\/\/www.facebook.com\/RustansTheBeautySource\/","https:\/\/www.instagram.com\/rustansthebeautysource\/","https:\/\/www.youtube.com\/channel\/UC32rhvWHoj6ImmX9R6FO6Wg","https:\/\/twitter.com\/rustansbeauty"],"logo":{"@type":"ImageObject","@id":"https:\/\/rustans-thebeautysource.com\/en\/#logo","inLanguage":"en-US","url":"https:\/\/rustans-thebeautysource.com\/en\/wp-content\/uploads\/2019\/03\/rustans-the-beauty-source.png","contentUrl":"https:\/\/rustans-thebeautysource.com\/en\/wp-content\/uploads\/2019\/03\/rustans-the-beauty-source.png","width":1617,"height":761,"caption":"Rustan's The Beauty Source"},"image":{"@id":"https:\/\/rustans-thebeautysource.com\/en\/#logo"}},{"@type":"WebSite","@id":"https:\/\/rustans-thebeautysource.com\/en\/#website","url":"https:\/\/rustans-thebeautysource.com\/en\/","name":"Rustan&#039;s The Beauty Source","description":"Elite Beauty Brands in The Philippines","publisher":{"@id":"https:\/\/rustans-thebeautysource.com\/en\/#organization"},"potentialAction":[{"@type":"SearchAction","target":{"@type":"EntryPoint","urlTemplate":"https:\/\/rustans-thebeautysource.com\/en\/?s={search_term_string}"},"query-input":"required name=search_term_string"}],"inLanguage":"en-US"},{"@type":"ImageObject","@id":"https:\/\/rustans-thebeautysource.com\/en\/product\/cozy-6-piece-set\/#primaryimage","inLanguage":"en-US","url":"https:\/\/rustans-thebeautysource.com\/en\/wp-content\/uploads\/2024\/03\/3192389.jpg","contentUrl":"https:\/\/rustans-thebeautysource.com\/en\/wp-content\/uploads\/2024\/03\/3192389.jpg","width":1024,"height":1024},{"@type":"WebPage","@id":"https:\/\/rustans-thebeautysource.com\/en\/product\/cozy-6-piece-set\/#webpage","url":"https:\/\/rustans-thebeautysource.com\/en\/product\/cozy-6-piece-set\/","name":"Cozy (6-Piece Set) - Rustan&#039;s The Beauty Source","isPartOf":{"@id":"https:\/\/rustans-thebeautysource.com\/en\/#website"},"primaryImageOfPage":{"@id":"https:\/\/rustans-thebeautysource.com\/en\/product\/cozy-6-piece-set\/#primaryimage"},"datePublished":"2024-03-05T07:13:11+00:00","dateModified":"2024-04-19T04:54:29+00:00","breadcrumb":{"@id":"https:\/\/rustans-thebeautysource.com\/en\/product\/cozy-6-piece-set\/#breadcrumb"},"inLanguage":"en-US","potentialAction":[{"@type":"ReadAction","target":["https:\/\/rustans-thebeautysource.com\/en\/product\/cozy-6-piece-set\/"]}]},{"@type":"BreadcrumbList","@id":"https:\/\/rustans-thebeautysource.com\/en\/product\/cozy-6-piece-set\/#breadcrumb","itemListElement":[{"@type":"ListItem","position":1,"name":"Home","item":"https:\/\/rustans-thebeautysource.com\/en\/"},{"@type":"ListItem","position":2,"name":"Shop","item":"https:\/\/rustans-thebeautysource.com\/en\/products\/"},{"@type":"ListItem","position":3,"name":"Cozy (6-Piece Set)"}]}]}},"_links":{"self":[{"href":"https:\/\/rustans-thebeautysource.com\/en\/wp-json\/wp\/v2\/product\/570930"}],"collection":[{"href":"https:\/\/rustans-thebeautysource.com\/en\/wp-json\/wp\/v2\/product"}],"about":[{"href":"https:\/\/rustans-thebeautysource.com\/en\/wp-json\/wp\/v2\/types\/product"}],"replies":[{"embeddable":true,"href":"https:\/\/rustans-thebeautysource.com\/en\/wp-json\/wp\/v2\/comments?post=570930"}],"wp:featuredmedia":[{"embeddable":true,"href":"https:\/\/rustans-thebeautysource.com\/en\/wp-json\/wp\/v2\/media\/570931"}],"wp:attachment":[{"href":"https:\/\/rustans-thebeautysource.com\/en\/wp-json\/wp\/v2\/media?parent=570930"}],"wp:term":[{"taxonomy":"product_cat","embeddable":true,"href":"https:\/\/rustans-thebeautysource.com\/en\/wp-json\/wp\/v2\/product_cat?post=570930"},{"taxonomy":"product_tag","embeddable":true,"href":"https:\/\/rustans-thebeautysource.com\/en\/wp-json\/wp\/v2\/product_tag?post=570930"}],"curies":[{"name":"wp","href":"https:\/\/api.w.org\/{rel}","templated":true}]}}