{"id":52195,"date":"2020-06-04T06:50:43","date_gmt":"2020-06-03T22:50:43","guid":{"rendered":"https:\/\/rustans-thebeautysource.com\/en\/?post_type=product&#038;p=52195"},"modified":"2024-09-23T15:25:27","modified_gmt":"2024-09-23T07:25:27","slug":"edp-eau-de-minthe","status":"publish","type":"product","link":"https:\/\/rustans-thebeautysource.com\/en\/product\/edp-eau-de-minthe\/","title":{"rendered":"Eau de Minth\u00e9 Eau de Parfum"},"content":{"rendered":"","protected":false},"excerpt":{"rendered":"<p><span data-sheets-value=\"{&quot;1&quot;:2,&quot;2&quot;:&quot;Inspired by a Greek myth, Eau de Minth\u00e9 reinvents an emblematic perfumery accord, foug\u00c3\u00a8re, drawing on the scent of mint. At the very heart of the composition, its aromatic freshness enhances the lively floral notes of geranium while the patchouli confers profound depth.\\nsize: 75ml \/ 2,5 fl. oz&quot;}\" data-sheets-userformat=\"{&quot;2&quot;:9087,&quot;3&quot;:{&quot;1&quot;:0},&quot;4&quot;:[null,2,16573901],&quot;5&quot;:{&quot;1&quot;:[{&quot;1&quot;:2,&quot;2&quot;:0,&quot;5&quot;:[null,2,0]},{&quot;1&quot;:0,&quot;2&quot;:0,&quot;3&quot;:3},{&quot;1&quot;:1,&quot;2&quot;:0,&quot;4&quot;:1}]},&quot;6&quot;:{&quot;1&quot;:[{&quot;1&quot;:2,&quot;2&quot;:0,&quot;5&quot;:[null,2,0]},{&quot;1&quot;:0,&quot;2&quot;:0,&quot;3&quot;:3},{&quot;1&quot;:1,&quot;2&quot;:0,&quot;4&quot;:1}]},&quot;7&quot;:{&quot;1&quot;:[{&quot;1&quot;:2,&quot;2&quot;:0,&quot;5&quot;:[null,2,0]},{&quot;1&quot;:0,&quot;2&quot;:0,&quot;3&quot;:3},{&quot;1&quot;:1,&quot;2&quot;:0,&quot;4&quot;:1}]},&quot;8&quot;:{&quot;1&quot;:[{&quot;1&quot;:2,&quot;2&quot;:0,&quot;5&quot;:[null,2,0]},{&quot;1&quot;:0,&quot;2&quot;:0,&quot;3&quot;:3},{&quot;1&quot;:1,&quot;2&quot;:0,&quot;4&quot;:1}]},&quot;9&quot;:1,&quot;11&quot;:4,&quot;12&quot;:0,&quot;16&quot;:12}\">Inspired by a Greek myth, Eau de Minth\u00e9 reinvents an emblematic perfumery accord, foug\u00c3\u00a8re, drawing on the scent of mint. At the very heart of the composition, its aromatic freshness enhances the lively floral notes of geranium while the patchouli confers profound depth.<br \/>\nsize: 75ml \/ 2,5 fl. oz<\/span><\/p>\n","protected":false},"featured_media":52200,"comment_status":"open","ping_status":"closed","template":"","meta":[],"product_cat":[513,26],"product_tag":[3648],"acf":[],"yoast_head":"<!-- This site is optimized with the Yoast SEO plugin v17.7 - https:\/\/yoast.com\/wordpress\/plugins\/seo\/ -->\n<title>Eau de Minth\u00e9 Eau de Parfum - Rustan&#039;s The Beauty Source<\/title>\n<meta name=\"robots\" content=\"index, follow, max-snippet:-1, max-image-preview:large, max-video-preview:-1\" \/>\n<link rel=\"canonical\" href=\"https:\/\/rustans-thebeautysource.com\/en\/product\/edp-eau-de-minthe\/\" \/>\n<meta property=\"og:locale\" content=\"en_US\" \/>\n<meta property=\"og:type\" content=\"article\" \/>\n<meta property=\"og:title\" content=\"Eau de Minth\u00e9 Eau de Parfum - Rustan&#039;s The Beauty Source\" \/>\n<meta property=\"og:description\" content=\"Inspired by a Greek myth, Eau de Minth\u00e9 reinvents an emblematic perfumery accord, foug\u00c3\u00a8re, drawing on the scent of mint. At the very heart of the composition, its aromatic freshness enhances the lively floral notes of geranium while the patchouli confers profound depth. size: 75ml \/ 2,5 fl. oz\" \/>\n<meta property=\"og:url\" content=\"https:\/\/rustans-thebeautysource.com\/en\/product\/edp-eau-de-minthe\/\" \/>\n<meta property=\"og:site_name\" content=\"Rustan&#039;s The Beauty Source\" \/>\n<meta property=\"article:publisher\" content=\"https:\/\/www.facebook.com\/RustansTheBeautySource\/\" \/>\n<meta property=\"article:modified_time\" content=\"2024-09-23T07:25:27+00:00\" \/>\n<meta property=\"og:image\" content=\"https:\/\/rustans-thebeautysource.com\/en\/wp-content\/uploads\/2020\/06\/2490730.jpg\" \/>\n\t<meta property=\"og:image:width\" content=\"1080\" \/>\n\t<meta property=\"og:image:height\" content=\"1080\" \/>\n<meta name=\"twitter:card\" content=\"summary\" \/>\n<meta name=\"twitter:site\" content=\"@rustansbeauty\" \/>\n<!-- \/ Yoast SEO plugin. -->","yoast_head_json":{"title":"Eau de Minth\u00e9 Eau de Parfum - Rustan&#039;s The Beauty Source","robots":{"index":"index","follow":"follow","max-snippet":"max-snippet:-1","max-image-preview":"max-image-preview:large","max-video-preview":"max-video-preview:-1"},"canonical":"https:\/\/rustans-thebeautysource.com\/en\/product\/edp-eau-de-minthe\/","og_locale":"en_US","og_type":"article","og_title":"Eau de Minth\u00e9 Eau de Parfum - Rustan&#039;s The Beauty Source","og_description":"Inspired by a Greek myth, Eau de Minth\u00e9 reinvents an emblematic perfumery accord, foug\u00c3\u00a8re, drawing on the scent of mint. At the very heart of the composition, its aromatic freshness enhances the lively floral notes of geranium while the patchouli confers profound depth. size: 75ml \/ 2,5 fl. oz","og_url":"https:\/\/rustans-thebeautysource.com\/en\/product\/edp-eau-de-minthe\/","og_site_name":"Rustan&#039;s The Beauty Source","article_publisher":"https:\/\/www.facebook.com\/RustansTheBeautySource\/","article_modified_time":"2024-09-23T07:25:27+00:00","og_image":[{"width":1080,"height":1080,"url":"https:\/\/rustans-thebeautysource.com\/en\/wp-content\/uploads\/2020\/06\/2490730.jpg","type":"image\/jpeg"}],"twitter_card":"summary","twitter_site":"@rustansbeauty","schema":{"@context":"https:\/\/schema.org","@graph":[{"@type":"Organization","@id":"https:\/\/rustans-thebeautysource.com\/en\/#organization","name":"Rustan's The Beauty Source","url":"https:\/\/rustans-thebeautysource.com\/en\/","sameAs":["https:\/\/www.facebook.com\/RustansTheBeautySource\/","https:\/\/www.instagram.com\/rustansthebeautysource\/","https:\/\/www.youtube.com\/channel\/UC32rhvWHoj6ImmX9R6FO6Wg","https:\/\/twitter.com\/rustansbeauty"],"logo":{"@type":"ImageObject","@id":"https:\/\/rustans-thebeautysource.com\/en\/#logo","inLanguage":"en-US","url":"https:\/\/rustans-thebeautysource.com\/en\/wp-content\/uploads\/2019\/03\/rustans-the-beauty-source.png","contentUrl":"https:\/\/rustans-thebeautysource.com\/en\/wp-content\/uploads\/2019\/03\/rustans-the-beauty-source.png","width":1617,"height":761,"caption":"Rustan's The Beauty Source"},"image":{"@id":"https:\/\/rustans-thebeautysource.com\/en\/#logo"}},{"@type":"WebSite","@id":"https:\/\/rustans-thebeautysource.com\/en\/#website","url":"https:\/\/rustans-thebeautysource.com\/en\/","name":"Rustan&#039;s The Beauty Source","description":"Elite Beauty Brands in The Philippines","publisher":{"@id":"https:\/\/rustans-thebeautysource.com\/en\/#organization"},"potentialAction":[{"@type":"SearchAction","target":{"@type":"EntryPoint","urlTemplate":"https:\/\/rustans-thebeautysource.com\/en\/?s={search_term_string}"},"query-input":"required name=search_term_string"}],"inLanguage":"en-US"},{"@type":"ImageObject","@id":"https:\/\/rustans-thebeautysource.com\/en\/product\/edp-eau-de-minthe\/#primaryimage","inLanguage":"en-US","url":"https:\/\/rustans-thebeautysource.com\/en\/wp-content\/uploads\/2020\/06\/2490730.jpg","contentUrl":"https:\/\/rustans-thebeautysource.com\/en\/wp-content\/uploads\/2020\/06\/2490730.jpg","width":1080,"height":1080},{"@type":"WebPage","@id":"https:\/\/rustans-thebeautysource.com\/en\/product\/edp-eau-de-minthe\/#webpage","url":"https:\/\/rustans-thebeautysource.com\/en\/product\/edp-eau-de-minthe\/","name":"Eau de Minth\u00e9 Eau de Parfum - Rustan&#039;s The Beauty Source","isPartOf":{"@id":"https:\/\/rustans-thebeautysource.com\/en\/#website"},"primaryImageOfPage":{"@id":"https:\/\/rustans-thebeautysource.com\/en\/product\/edp-eau-de-minthe\/#primaryimage"},"datePublished":"2020-06-03T22:50:43+00:00","dateModified":"2024-09-23T07:25:27+00:00","breadcrumb":{"@id":"https:\/\/rustans-thebeautysource.com\/en\/product\/edp-eau-de-minthe\/#breadcrumb"},"inLanguage":"en-US","potentialAction":[{"@type":"ReadAction","target":["https:\/\/rustans-thebeautysource.com\/en\/product\/edp-eau-de-minthe\/"]}]},{"@type":"BreadcrumbList","@id":"https:\/\/rustans-thebeautysource.com\/en\/product\/edp-eau-de-minthe\/#breadcrumb","itemListElement":[{"@type":"ListItem","position":1,"name":"Home","item":"https:\/\/rustans-thebeautysource.com\/en\/"},{"@type":"ListItem","position":2,"name":"Shop","item":"https:\/\/rustans-thebeautysource.com\/en\/products\/"},{"@type":"ListItem","position":3,"name":"Eau de Minth\u00e9 Eau de Parfum"}]}]}},"_links":{"self":[{"href":"https:\/\/rustans-thebeautysource.com\/en\/wp-json\/wp\/v2\/product\/52195"}],"collection":[{"href":"https:\/\/rustans-thebeautysource.com\/en\/wp-json\/wp\/v2\/product"}],"about":[{"href":"https:\/\/rustans-thebeautysource.com\/en\/wp-json\/wp\/v2\/types\/product"}],"replies":[{"embeddable":true,"href":"https:\/\/rustans-thebeautysource.com\/en\/wp-json\/wp\/v2\/comments?post=52195"}],"wp:featuredmedia":[{"embeddable":true,"href":"https:\/\/rustans-thebeautysource.com\/en\/wp-json\/wp\/v2\/media\/52200"}],"wp:attachment":[{"href":"https:\/\/rustans-thebeautysource.com\/en\/wp-json\/wp\/v2\/media?parent=52195"}],"wp:term":[{"taxonomy":"product_cat","embeddable":true,"href":"https:\/\/rustans-thebeautysource.com\/en\/wp-json\/wp\/v2\/product_cat?post=52195"},{"taxonomy":"product_tag","embeddable":true,"href":"https:\/\/rustans-thebeautysource.com\/en\/wp-json\/wp\/v2\/product_tag?post=52195"}],"curies":[{"name":"wp","href":"https:\/\/api.w.org\/{rel}","templated":true}]}}