{"id":46168,"date":"2020-03-11T09:09:38","date_gmt":"2020-03-11T09:09:38","guid":{"rendered":"https:\/\/rustans-thebeautysource.com\/en\/?post_type=product&#038;p=46168"},"modified":"2025-05-02T14:33:23","modified_gmt":"2025-05-02T06:33:23","slug":"212-vip-rose-eau-de-parfum-80ml","status":"publish","type":"product","link":"https:\/\/rustans-thebeautysource.com\/en\/product\/212-vip-rose-eau-de-parfum-80ml\/","title":{"rendered":"212 VIP ROS\u00c9 Eau de Parfum"},"content":{"rendered":"","protected":false},"excerpt":{"rendered":"<p>With a fresh, carefree air, 212 VIP ROS\u00c9 injects even more seduction, more glamour, more emotion and more party into the 212 VIP world.<br \/>\n212 VIP ROS\u00c9 is authentic and spontaneous, a new party that brings a boost of energy to the 212 VIP universe.<\/p>\n<p>A delicate surprise inside a stylish and impactful matt ros\u00e9 box enhanced by a coppery shinny 212 VIP logo, highlighted ROS\u00c9 in matte white.<br \/>\nA new feminine design with new materials and definition. The fragrance is presented in a glass bottle with a sophisticated degrad\u00e9 effect in matt ros\u00e9. An engraved ring, our VIP signature and the magnetic cap, give our bottle a fresh, cool and chic femininity.<\/p>\n","protected":false},"featured_media":50141,"comment_status":"open","ping_status":"closed","template":"","meta":[],"product_cat":[504,26,133],"product_tag":[3647],"acf":[],"yoast_head":"<!-- This site is optimized with the Yoast SEO plugin v17.7 - https:\/\/yoast.com\/wordpress\/plugins\/seo\/ -->\n<title>212 VIP ROS\u00c9 Eau de Parfum - Rustan&#039;s The Beauty Source<\/title>\n<meta name=\"robots\" content=\"index, follow, max-snippet:-1, max-image-preview:large, max-video-preview:-1\" \/>\n<link rel=\"canonical\" href=\"https:\/\/rustans-thebeautysource.com\/en\/product\/212-vip-rose-eau-de-parfum-80ml\/\" \/>\n<meta property=\"og:locale\" content=\"en_US\" \/>\n<meta property=\"og:type\" content=\"article\" \/>\n<meta property=\"og:title\" content=\"212 VIP ROS\u00c9 Eau de Parfum - Rustan&#039;s The Beauty Source\" \/>\n<meta property=\"og:description\" content=\"With a fresh, carefree air, 212 VIP ROS\u00c9 injects even more seduction, more glamour, more emotion and more party into the 212 VIP world. 212 VIP ROS\u00c9 is authentic and spontaneous, a new party that brings a boost of energy to the 212 VIP universe.  A delicate surprise inside a stylish and impactful matt ros\u00e9 box enhanced by a coppery shinny 212 VIP logo, highlighted ROS\u00c9 in matte white. A new feminine design with new materials and definition. The fragrance is presented in a glass bottle with a sophisticated degrad\u00e9 effect in matt ros\u00e9. An engraved ring, our VIP signature and the magnetic cap, give our bottle a fresh, cool and chic femininity.\" \/>\n<meta property=\"og:url\" content=\"https:\/\/rustans-thebeautysource.com\/en\/product\/212-vip-rose-eau-de-parfum-80ml\/\" \/>\n<meta property=\"og:site_name\" content=\"Rustan&#039;s The Beauty Source\" \/>\n<meta property=\"article:publisher\" content=\"https:\/\/www.facebook.com\/RustansTheBeautySource\/\" \/>\n<meta property=\"article:modified_time\" content=\"2025-05-02T06:33:23+00:00\" \/>\n<meta property=\"og:image\" content=\"https:\/\/rustans-thebeautysource.com\/en\/wp-content\/uploads\/2020\/03\/Carolina-Herrera-212-VIP-Rose-EDP-80ml-min.jpg\" \/>\n\t<meta property=\"og:image:width\" content=\"1024\" \/>\n\t<meta property=\"og:image:height\" content=\"1024\" \/>\n<meta name=\"twitter:card\" content=\"summary\" \/>\n<meta name=\"twitter:site\" content=\"@rustansbeauty\" \/>\n<!-- \/ Yoast SEO plugin. -->","yoast_head_json":{"title":"212 VIP ROS\u00c9 Eau de Parfum - Rustan&#039;s The Beauty Source","robots":{"index":"index","follow":"follow","max-snippet":"max-snippet:-1","max-image-preview":"max-image-preview:large","max-video-preview":"max-video-preview:-1"},"canonical":"https:\/\/rustans-thebeautysource.com\/en\/product\/212-vip-rose-eau-de-parfum-80ml\/","og_locale":"en_US","og_type":"article","og_title":"212 VIP ROS\u00c9 Eau de Parfum - Rustan&#039;s The Beauty Source","og_description":"With a fresh, carefree air, 212 VIP ROS\u00c9 injects even more seduction, more glamour, more emotion and more party into the 212 VIP world. 212 VIP ROS\u00c9 is authentic and spontaneous, a new party that brings a boost of energy to the 212 VIP universe.  A delicate surprise inside a stylish and impactful matt ros\u00e9 box enhanced by a coppery shinny 212 VIP logo, highlighted ROS\u00c9 in matte white. A new feminine design with new materials and definition. The fragrance is presented in a glass bottle with a sophisticated degrad\u00e9 effect in matt ros\u00e9. An engraved ring, our VIP signature and the magnetic cap, give our bottle a fresh, cool and chic femininity.","og_url":"https:\/\/rustans-thebeautysource.com\/en\/product\/212-vip-rose-eau-de-parfum-80ml\/","og_site_name":"Rustan&#039;s The Beauty Source","article_publisher":"https:\/\/www.facebook.com\/RustansTheBeautySource\/","article_modified_time":"2025-05-02T06:33:23+00:00","og_image":[{"width":1024,"height":1024,"url":"https:\/\/rustans-thebeautysource.com\/en\/wp-content\/uploads\/2020\/03\/Carolina-Herrera-212-VIP-Rose-EDP-80ml-min.jpg","type":"image\/jpeg"}],"twitter_card":"summary","twitter_site":"@rustansbeauty","schema":{"@context":"https:\/\/schema.org","@graph":[{"@type":"Organization","@id":"https:\/\/rustans-thebeautysource.com\/en\/#organization","name":"Rustan's The Beauty Source","url":"https:\/\/rustans-thebeautysource.com\/en\/","sameAs":["https:\/\/www.facebook.com\/RustansTheBeautySource\/","https:\/\/www.instagram.com\/rustansthebeautysource\/","https:\/\/www.youtube.com\/channel\/UC32rhvWHoj6ImmX9R6FO6Wg","https:\/\/twitter.com\/rustansbeauty"],"logo":{"@type":"ImageObject","@id":"https:\/\/rustans-thebeautysource.com\/en\/#logo","inLanguage":"en-US","url":"https:\/\/rustans-thebeautysource.com\/en\/wp-content\/uploads\/2019\/03\/rustans-the-beauty-source.png","contentUrl":"https:\/\/rustans-thebeautysource.com\/en\/wp-content\/uploads\/2019\/03\/rustans-the-beauty-source.png","width":1617,"height":761,"caption":"Rustan's The Beauty Source"},"image":{"@id":"https:\/\/rustans-thebeautysource.com\/en\/#logo"}},{"@type":"WebSite","@id":"https:\/\/rustans-thebeautysource.com\/en\/#website","url":"https:\/\/rustans-thebeautysource.com\/en\/","name":"Rustan&#039;s The Beauty Source","description":"Elite Beauty Brands in The Philippines","publisher":{"@id":"https:\/\/rustans-thebeautysource.com\/en\/#organization"},"potentialAction":[{"@type":"SearchAction","target":{"@type":"EntryPoint","urlTemplate":"https:\/\/rustans-thebeautysource.com\/en\/?s={search_term_string}"},"query-input":"required name=search_term_string"}],"inLanguage":"en-US"},{"@type":"ImageObject","@id":"https:\/\/rustans-thebeautysource.com\/en\/product\/212-vip-rose-eau-de-parfum-80ml\/#primaryimage","inLanguage":"en-US","url":"https:\/\/rustans-thebeautysource.com\/en\/wp-content\/uploads\/2020\/03\/Carolina-Herrera-212-VIP-Rose-EDP-80ml-min.jpg","contentUrl":"https:\/\/rustans-thebeautysource.com\/en\/wp-content\/uploads\/2020\/03\/Carolina-Herrera-212-VIP-Rose-EDP-80ml-min.jpg","width":1024,"height":1024},{"@type":"WebPage","@id":"https:\/\/rustans-thebeautysource.com\/en\/product\/212-vip-rose-eau-de-parfum-80ml\/#webpage","url":"https:\/\/rustans-thebeautysource.com\/en\/product\/212-vip-rose-eau-de-parfum-80ml\/","name":"212 VIP ROS\u00c9 Eau de Parfum - Rustan&#039;s The Beauty Source","isPartOf":{"@id":"https:\/\/rustans-thebeautysource.com\/en\/#website"},"primaryImageOfPage":{"@id":"https:\/\/rustans-thebeautysource.com\/en\/product\/212-vip-rose-eau-de-parfum-80ml\/#primaryimage"},"datePublished":"2020-03-11T09:09:38+00:00","dateModified":"2025-05-02T06:33:23+00:00","breadcrumb":{"@id":"https:\/\/rustans-thebeautysource.com\/en\/product\/212-vip-rose-eau-de-parfum-80ml\/#breadcrumb"},"inLanguage":"en-US","potentialAction":[{"@type":"ReadAction","target":["https:\/\/rustans-thebeautysource.com\/en\/product\/212-vip-rose-eau-de-parfum-80ml\/"]}]},{"@type":"BreadcrumbList","@id":"https:\/\/rustans-thebeautysource.com\/en\/product\/212-vip-rose-eau-de-parfum-80ml\/#breadcrumb","itemListElement":[{"@type":"ListItem","position":1,"name":"Home","item":"https:\/\/rustans-thebeautysource.com\/en\/"},{"@type":"ListItem","position":2,"name":"Shop","item":"https:\/\/rustans-thebeautysource.com\/en\/products\/"},{"@type":"ListItem","position":3,"name":"212 VIP ROS\u00c9 Eau de Parfum"}]}]}},"_links":{"self":[{"href":"https:\/\/rustans-thebeautysource.com\/en\/wp-json\/wp\/v2\/product\/46168"}],"collection":[{"href":"https:\/\/rustans-thebeautysource.com\/en\/wp-json\/wp\/v2\/product"}],"about":[{"href":"https:\/\/rustans-thebeautysource.com\/en\/wp-json\/wp\/v2\/types\/product"}],"replies":[{"embeddable":true,"href":"https:\/\/rustans-thebeautysource.com\/en\/wp-json\/wp\/v2\/comments?post=46168"}],"wp:featuredmedia":[{"embeddable":true,"href":"https:\/\/rustans-thebeautysource.com\/en\/wp-json\/wp\/v2\/media\/50141"}],"wp:attachment":[{"href":"https:\/\/rustans-thebeautysource.com\/en\/wp-json\/wp\/v2\/media?parent=46168"}],"wp:term":[{"taxonomy":"product_cat","embeddable":true,"href":"https:\/\/rustans-thebeautysource.com\/en\/wp-json\/wp\/v2\/product_cat?post=46168"},{"taxonomy":"product_tag","embeddable":true,"href":"https:\/\/rustans-thebeautysource.com\/en\/wp-json\/wp\/v2\/product_tag?post=46168"}],"curies":[{"name":"wp","href":"https:\/\/api.w.org\/{rel}","templated":true}]}}