{"id":355192,"date":"2023-05-18T18:35:12","date_gmt":"2023-05-18T10:35:12","guid":{"rendered":"https:\/\/rustans-thebeautysource.com\/en\/?post_type=product&#038;p=355192"},"modified":"2023-05-18T18:35:15","modified_gmt":"2023-05-18T10:35:15","slug":"meteorites-compact-compact-illuminating-powder","status":"publish","type":"product","link":"https:\/\/rustans-thebeautysource.com\/en\/product\/meteorites-compact-compact-illuminating-powder\/","title":{"rendered":"M\u00e9t\u00e9orites Compact Compact Illuminating Powder"},"content":{"rendered":"","protected":false},"excerpt":{"rendered":"<p>M\u00e9t\u00e9orites Compact is a travel version of the legendary pearls that corrects, mattifies and delicately brightens the complexion.<\/p>\n<p>The pearls are finely pressed to reborn in a harmony of 4 beauty-enhancing shades to offer the perfect amount of light adapted to each skin tone. The pressed powder features the signature M\u00e9t\u00e9orites corrective matte and light-catching shades, offering tailored radiance to each complexion.<\/p>\n<p>Its Stardust Technology &#8211; a light-reflecting polymer -transforms light that is invisible to the naked eye into an extraordinary halo. Thanks to its blurring formula, pores and imperfections are smoothed while the skin feels incredibly soft and silky. A shine-control action leaves the skin looking smooth, luminous and matte while at the same time helping it to retain moisture.<\/p>\n<p>M\u00e9t\u00e9orites pressed powder is your best ally for a flawless complexion; enhancing the beauty of the skin and creating radiant finish that lasts all day.<\/p>\n","protected":false},"featured_media":355193,"comment_status":"open","ping_status":"closed","template":"","meta":[],"product_cat":[570,27,42,135],"product_tag":[],"acf":[],"yoast_head":"<!-- This site is optimized with the Yoast SEO plugin v17.7 - https:\/\/yoast.com\/wordpress\/plugins\/seo\/ -->\n<title>M\u00e9t\u00e9orites Compact Compact Illuminating Powder - Rustan&#039;s The Beauty Source<\/title>\n<meta name=\"robots\" content=\"index, follow, max-snippet:-1, max-image-preview:large, max-video-preview:-1\" \/>\n<link rel=\"canonical\" href=\"https:\/\/rustans-thebeautysource.com\/en\/product\/meteorites-compact-compact-illuminating-powder\/\" \/>\n<meta property=\"og:locale\" content=\"en_US\" \/>\n<meta property=\"og:type\" content=\"article\" \/>\n<meta property=\"og:title\" content=\"M\u00e9t\u00e9orites Compact Compact Illuminating Powder - Rustan&#039;s The Beauty Source\" \/>\n<meta property=\"og:description\" content=\"M\u00e9t\u00e9orites Compact is a travel version of the legendary pearls that corrects, mattifies and delicately brightens the complexion.  The pearls are finely pressed to reborn in a harmony of 4 beauty-enhancing shades to offer the perfect amount of light adapted to each skin tone. The pressed powder features the signature M\u00e9t\u00e9orites corrective matte and light-catching shades, offering tailored radiance to each complexion.  Its Stardust Technology - a light-reflecting polymer -transforms light that is invisible to the naked eye into an extraordinary halo. Thanks to its blurring formula, pores and imperfections are smoothed while the skin feels incredibly soft and silky. A shine-control action leaves the skin looking smooth, luminous and matte while at the same time helping it to retain moisture.  M\u00e9t\u00e9orites pressed powder is your best ally for a flawless complexion; enhancing the beauty of the skin and creating radiant finish that lasts all day.\" \/>\n<meta property=\"og:url\" content=\"https:\/\/rustans-thebeautysource.com\/en\/product\/meteorites-compact-compact-illuminating-powder\/\" \/>\n<meta property=\"og:site_name\" content=\"Rustan&#039;s The Beauty Source\" \/>\n<meta property=\"article:publisher\" content=\"https:\/\/www.facebook.com\/RustansTheBeautySource\/\" \/>\n<meta property=\"article:modified_time\" content=\"2023-05-18T10:35:15+00:00\" \/>\n<meta property=\"og:image\" content=\"https:\/\/rustans-thebeautysource.com\/en\/wp-content\/uploads\/2023\/05\/2734461.jpg\" \/>\n\t<meta property=\"og:image:width\" content=\"1024\" \/>\n\t<meta property=\"og:image:height\" content=\"1024\" \/>\n<meta name=\"twitter:card\" content=\"summary\" \/>\n<meta name=\"twitter:site\" content=\"@rustansbeauty\" \/>\n<!-- \/ Yoast SEO plugin. -->","yoast_head_json":{"title":"M\u00e9t\u00e9orites Compact Compact Illuminating Powder - Rustan&#039;s The Beauty Source","robots":{"index":"index","follow":"follow","max-snippet":"max-snippet:-1","max-image-preview":"max-image-preview:large","max-video-preview":"max-video-preview:-1"},"canonical":"https:\/\/rustans-thebeautysource.com\/en\/product\/meteorites-compact-compact-illuminating-powder\/","og_locale":"en_US","og_type":"article","og_title":"M\u00e9t\u00e9orites Compact Compact Illuminating Powder - Rustan&#039;s The Beauty Source","og_description":"M\u00e9t\u00e9orites Compact is a travel version of the legendary pearls that corrects, mattifies and delicately brightens the complexion.  The pearls are finely pressed to reborn in a harmony of 4 beauty-enhancing shades to offer the perfect amount of light adapted to each skin tone. The pressed powder features the signature M\u00e9t\u00e9orites corrective matte and light-catching shades, offering tailored radiance to each complexion.  Its Stardust Technology - a light-reflecting polymer -transforms light that is invisible to the naked eye into an extraordinary halo. Thanks to its blurring formula, pores and imperfections are smoothed while the skin feels incredibly soft and silky. A shine-control action leaves the skin looking smooth, luminous and matte while at the same time helping it to retain moisture.  M\u00e9t\u00e9orites pressed powder is your best ally for a flawless complexion; enhancing the beauty of the skin and creating radiant finish that lasts all day.","og_url":"https:\/\/rustans-thebeautysource.com\/en\/product\/meteorites-compact-compact-illuminating-powder\/","og_site_name":"Rustan&#039;s The Beauty Source","article_publisher":"https:\/\/www.facebook.com\/RustansTheBeautySource\/","article_modified_time":"2023-05-18T10:35:15+00:00","og_image":[{"width":1024,"height":1024,"url":"https:\/\/rustans-thebeautysource.com\/en\/wp-content\/uploads\/2023\/05\/2734461.jpg","type":"image\/jpeg"}],"twitter_card":"summary","twitter_site":"@rustansbeauty","schema":{"@context":"https:\/\/schema.org","@graph":[{"@type":"Organization","@id":"https:\/\/rustans-thebeautysource.com\/en\/#organization","name":"Rustan's The Beauty Source","url":"https:\/\/rustans-thebeautysource.com\/en\/","sameAs":["https:\/\/www.facebook.com\/RustansTheBeautySource\/","https:\/\/www.instagram.com\/rustansthebeautysource\/","https:\/\/www.youtube.com\/channel\/UC32rhvWHoj6ImmX9R6FO6Wg","https:\/\/twitter.com\/rustansbeauty"],"logo":{"@type":"ImageObject","@id":"https:\/\/rustans-thebeautysource.com\/en\/#logo","inLanguage":"en-US","url":"https:\/\/rustans-thebeautysource.com\/en\/wp-content\/uploads\/2019\/03\/rustans-the-beauty-source.png","contentUrl":"https:\/\/rustans-thebeautysource.com\/en\/wp-content\/uploads\/2019\/03\/rustans-the-beauty-source.png","width":1617,"height":761,"caption":"Rustan's The Beauty Source"},"image":{"@id":"https:\/\/rustans-thebeautysource.com\/en\/#logo"}},{"@type":"WebSite","@id":"https:\/\/rustans-thebeautysource.com\/en\/#website","url":"https:\/\/rustans-thebeautysource.com\/en\/","name":"Rustan&#039;s The Beauty Source","description":"Elite Beauty Brands in The Philippines","publisher":{"@id":"https:\/\/rustans-thebeautysource.com\/en\/#organization"},"potentialAction":[{"@type":"SearchAction","target":{"@type":"EntryPoint","urlTemplate":"https:\/\/rustans-thebeautysource.com\/en\/?s={search_term_string}"},"query-input":"required name=search_term_string"}],"inLanguage":"en-US"},{"@type":"ImageObject","@id":"https:\/\/rustans-thebeautysource.com\/en\/product\/meteorites-compact-compact-illuminating-powder\/#primaryimage","inLanguage":"en-US","url":"https:\/\/rustans-thebeautysource.com\/en\/wp-content\/uploads\/2023\/05\/2734461.jpg","contentUrl":"https:\/\/rustans-thebeautysource.com\/en\/wp-content\/uploads\/2023\/05\/2734461.jpg","width":1024,"height":1024},{"@type":"WebPage","@id":"https:\/\/rustans-thebeautysource.com\/en\/product\/meteorites-compact-compact-illuminating-powder\/#webpage","url":"https:\/\/rustans-thebeautysource.com\/en\/product\/meteorites-compact-compact-illuminating-powder\/","name":"M\u00e9t\u00e9orites Compact Compact Illuminating Powder - Rustan&#039;s The Beauty Source","isPartOf":{"@id":"https:\/\/rustans-thebeautysource.com\/en\/#website"},"primaryImageOfPage":{"@id":"https:\/\/rustans-thebeautysource.com\/en\/product\/meteorites-compact-compact-illuminating-powder\/#primaryimage"},"datePublished":"2023-05-18T10:35:12+00:00","dateModified":"2023-05-18T10:35:15+00:00","breadcrumb":{"@id":"https:\/\/rustans-thebeautysource.com\/en\/product\/meteorites-compact-compact-illuminating-powder\/#breadcrumb"},"inLanguage":"en-US","potentialAction":[{"@type":"ReadAction","target":["https:\/\/rustans-thebeautysource.com\/en\/product\/meteorites-compact-compact-illuminating-powder\/"]}]},{"@type":"BreadcrumbList","@id":"https:\/\/rustans-thebeautysource.com\/en\/product\/meteorites-compact-compact-illuminating-powder\/#breadcrumb","itemListElement":[{"@type":"ListItem","position":1,"name":"Home","item":"https:\/\/rustans-thebeautysource.com\/en\/"},{"@type":"ListItem","position":2,"name":"Shop","item":"https:\/\/rustans-thebeautysource.com\/en\/products\/"},{"@type":"ListItem","position":3,"name":"M\u00e9t\u00e9orites Compact Compact Illuminating Powder"}]}]}},"_links":{"self":[{"href":"https:\/\/rustans-thebeautysource.com\/en\/wp-json\/wp\/v2\/product\/355192"}],"collection":[{"href":"https:\/\/rustans-thebeautysource.com\/en\/wp-json\/wp\/v2\/product"}],"about":[{"href":"https:\/\/rustans-thebeautysource.com\/en\/wp-json\/wp\/v2\/types\/product"}],"replies":[{"embeddable":true,"href":"https:\/\/rustans-thebeautysource.com\/en\/wp-json\/wp\/v2\/comments?post=355192"}],"wp:featuredmedia":[{"embeddable":true,"href":"https:\/\/rustans-thebeautysource.com\/en\/wp-json\/wp\/v2\/media\/355193"}],"wp:attachment":[{"href":"https:\/\/rustans-thebeautysource.com\/en\/wp-json\/wp\/v2\/media?parent=355192"}],"wp:term":[{"taxonomy":"product_cat","embeddable":true,"href":"https:\/\/rustans-thebeautysource.com\/en\/wp-json\/wp\/v2\/product_cat?post=355192"},{"taxonomy":"product_tag","embeddable":true,"href":"https:\/\/rustans-thebeautysource.com\/en\/wp-json\/wp\/v2\/product_tag?post=355192"}],"curies":[{"name":"wp","href":"https:\/\/api.w.org\/{rel}","templated":true}]}}