{"id":348440,"date":"2023-05-17T18:17:46","date_gmt":"2023-05-17T10:17:46","guid":{"rendered":"https:\/\/rustans-thebeautysource.com\/en\/?post_type=product&#038;p=348440"},"modified":"2023-05-17T18:17:48","modified_gmt":"2023-05-17T10:17:48","slug":"meteorites-light-revealing-pearls-of-powder","status":"publish","type":"product","link":"https:\/\/rustans-thebeautysource.com\/en\/product\/meteorites-light-revealing-pearls-of-powder\/","title":{"rendered":"M\u00e9t\u00e9orites Light Revealing Pearls of Powder"},"content":{"rendered":"","protected":false},"excerpt":{"rendered":"<p>Guerlain M\u00e9t\u00e9orites powder delicately corrects and illuminates the complexion.<\/p>\n<p>Unique thanks to its ethereal texture and inimitable violet fragrance, M\u00e9t\u00e9orites transform loose powder into a constellation of multicoloured pearls that reveal the secret of absolute radiance for every complexion. A common base of correcting and illuminating colours \u2013 pink for a youthful glow, yellow to counteract dullness and mauve to catch the light \u2013 even out the complexion. Complementary colours, added to this M\u00e9t\u00e9orites signature, temper the shades\u2019 intensity and blend harmoniously for perfectly tailored correction and luminosity. Even-toned with a natural finish, the complexion radiates perfection. Thanks to the Stardust technology, a diamond powder encapsulated in microspheres, light is infinitely reflected to create on the skin a soft-focus perfecting halo. Cult since 1987, M\u00e9t\u00e9orites illuminates women\u2019s beauty.<\/p>\n","protected":false},"featured_media":348441,"comment_status":"open","ping_status":"closed","template":"","meta":[],"product_cat":[570,27,42,6796],"product_tag":[],"acf":[],"yoast_head":"<!-- This site is optimized with the Yoast SEO plugin v17.7 - https:\/\/yoast.com\/wordpress\/plugins\/seo\/ -->\n<title>M\u00e9t\u00e9orites Light Revealing Pearls of Powder - Rustan&#039;s The Beauty Source<\/title>\n<meta name=\"robots\" content=\"index, follow, max-snippet:-1, max-image-preview:large, max-video-preview:-1\" \/>\n<link rel=\"canonical\" href=\"https:\/\/rustans-thebeautysource.com\/en\/product\/meteorites-light-revealing-pearls-of-powder\/\" \/>\n<meta property=\"og:locale\" content=\"en_US\" \/>\n<meta property=\"og:type\" content=\"article\" \/>\n<meta property=\"og:title\" content=\"M\u00e9t\u00e9orites Light Revealing Pearls of Powder - Rustan&#039;s The Beauty Source\" \/>\n<meta property=\"og:description\" content=\"Guerlain M\u00e9t\u00e9orites powder delicately corrects and illuminates the complexion.  Unique thanks to its ethereal texture and inimitable violet fragrance, M\u00e9t\u00e9orites transform loose powder into a constellation of multicoloured pearls that reveal the secret of absolute radiance for every complexion. A common base of correcting and illuminating colours \u2013 pink for a youthful glow, yellow to counteract dullness and mauve to catch the light \u2013 even out the complexion. Complementary colours, added to this M\u00e9t\u00e9orites signature, temper the shades\u2019 intensity and blend harmoniously for perfectly tailored correction and luminosity. Even-toned with a natural finish, the complexion radiates perfection. Thanks to the Stardust technology, a diamond powder encapsulated in microspheres, light is infinitely reflected to create on the skin a soft-focus perfecting halo. Cult since 1987, M\u00e9t\u00e9orites illuminates women\u2019s beauty.\" \/>\n<meta property=\"og:url\" content=\"https:\/\/rustans-thebeautysource.com\/en\/product\/meteorites-light-revealing-pearls-of-powder\/\" \/>\n<meta property=\"og:site_name\" content=\"Rustan&#039;s The Beauty Source\" \/>\n<meta property=\"article:publisher\" content=\"https:\/\/www.facebook.com\/RustansTheBeautySource\/\" \/>\n<meta property=\"article:modified_time\" content=\"2023-05-17T10:17:48+00:00\" \/>\n<meta property=\"og:image\" content=\"https:\/\/rustans-thebeautysource.com\/en\/wp-content\/uploads\/2023\/05\/2733912.jpg\" \/>\n\t<meta property=\"og:image:width\" content=\"1024\" \/>\n\t<meta property=\"og:image:height\" content=\"1024\" \/>\n<meta name=\"twitter:card\" content=\"summary\" \/>\n<meta name=\"twitter:site\" content=\"@rustansbeauty\" \/>\n<!-- \/ Yoast SEO plugin. -->","yoast_head_json":{"title":"M\u00e9t\u00e9orites Light Revealing Pearls of Powder - Rustan&#039;s The Beauty Source","robots":{"index":"index","follow":"follow","max-snippet":"max-snippet:-1","max-image-preview":"max-image-preview:large","max-video-preview":"max-video-preview:-1"},"canonical":"https:\/\/rustans-thebeautysource.com\/en\/product\/meteorites-light-revealing-pearls-of-powder\/","og_locale":"en_US","og_type":"article","og_title":"M\u00e9t\u00e9orites Light Revealing Pearls of Powder - Rustan&#039;s The Beauty Source","og_description":"Guerlain M\u00e9t\u00e9orites powder delicately corrects and illuminates the complexion.  Unique thanks to its ethereal texture and inimitable violet fragrance, M\u00e9t\u00e9orites transform loose powder into a constellation of multicoloured pearls that reveal the secret of absolute radiance for every complexion. A common base of correcting and illuminating colours \u2013 pink for a youthful glow, yellow to counteract dullness and mauve to catch the light \u2013 even out the complexion. Complementary colours, added to this M\u00e9t\u00e9orites signature, temper the shades\u2019 intensity and blend harmoniously for perfectly tailored correction and luminosity. Even-toned with a natural finish, the complexion radiates perfection. Thanks to the Stardust technology, a diamond powder encapsulated in microspheres, light is infinitely reflected to create on the skin a soft-focus perfecting halo. Cult since 1987, M\u00e9t\u00e9orites illuminates women\u2019s beauty.","og_url":"https:\/\/rustans-thebeautysource.com\/en\/product\/meteorites-light-revealing-pearls-of-powder\/","og_site_name":"Rustan&#039;s The Beauty Source","article_publisher":"https:\/\/www.facebook.com\/RustansTheBeautySource\/","article_modified_time":"2023-05-17T10:17:48+00:00","og_image":[{"width":1024,"height":1024,"url":"https:\/\/rustans-thebeautysource.com\/en\/wp-content\/uploads\/2023\/05\/2733912.jpg","type":"image\/jpeg"}],"twitter_card":"summary","twitter_site":"@rustansbeauty","schema":{"@context":"https:\/\/schema.org","@graph":[{"@type":"Organization","@id":"https:\/\/rustans-thebeautysource.com\/en\/#organization","name":"Rustan's The Beauty Source","url":"https:\/\/rustans-thebeautysource.com\/en\/","sameAs":["https:\/\/www.facebook.com\/RustansTheBeautySource\/","https:\/\/www.instagram.com\/rustansthebeautysource\/","https:\/\/www.youtube.com\/channel\/UC32rhvWHoj6ImmX9R6FO6Wg","https:\/\/twitter.com\/rustansbeauty"],"logo":{"@type":"ImageObject","@id":"https:\/\/rustans-thebeautysource.com\/en\/#logo","inLanguage":"en-US","url":"https:\/\/rustans-thebeautysource.com\/en\/wp-content\/uploads\/2019\/03\/rustans-the-beauty-source.png","contentUrl":"https:\/\/rustans-thebeautysource.com\/en\/wp-content\/uploads\/2019\/03\/rustans-the-beauty-source.png","width":1617,"height":761,"caption":"Rustan's The Beauty Source"},"image":{"@id":"https:\/\/rustans-thebeautysource.com\/en\/#logo"}},{"@type":"WebSite","@id":"https:\/\/rustans-thebeautysource.com\/en\/#website","url":"https:\/\/rustans-thebeautysource.com\/en\/","name":"Rustan&#039;s The Beauty Source","description":"Elite Beauty Brands in The Philippines","publisher":{"@id":"https:\/\/rustans-thebeautysource.com\/en\/#organization"},"potentialAction":[{"@type":"SearchAction","target":{"@type":"EntryPoint","urlTemplate":"https:\/\/rustans-thebeautysource.com\/en\/?s={search_term_string}"},"query-input":"required name=search_term_string"}],"inLanguage":"en-US"},{"@type":"ImageObject","@id":"https:\/\/rustans-thebeautysource.com\/en\/product\/meteorites-light-revealing-pearls-of-powder\/#primaryimage","inLanguage":"en-US","url":"https:\/\/rustans-thebeautysource.com\/en\/wp-content\/uploads\/2023\/05\/2733912.jpg","contentUrl":"https:\/\/rustans-thebeautysource.com\/en\/wp-content\/uploads\/2023\/05\/2733912.jpg","width":1024,"height":1024},{"@type":"WebPage","@id":"https:\/\/rustans-thebeautysource.com\/en\/product\/meteorites-light-revealing-pearls-of-powder\/#webpage","url":"https:\/\/rustans-thebeautysource.com\/en\/product\/meteorites-light-revealing-pearls-of-powder\/","name":"M\u00e9t\u00e9orites Light Revealing Pearls of Powder - Rustan&#039;s The Beauty Source","isPartOf":{"@id":"https:\/\/rustans-thebeautysource.com\/en\/#website"},"primaryImageOfPage":{"@id":"https:\/\/rustans-thebeautysource.com\/en\/product\/meteorites-light-revealing-pearls-of-powder\/#primaryimage"},"datePublished":"2023-05-17T10:17:46+00:00","dateModified":"2023-05-17T10:17:48+00:00","breadcrumb":{"@id":"https:\/\/rustans-thebeautysource.com\/en\/product\/meteorites-light-revealing-pearls-of-powder\/#breadcrumb"},"inLanguage":"en-US","potentialAction":[{"@type":"ReadAction","target":["https:\/\/rustans-thebeautysource.com\/en\/product\/meteorites-light-revealing-pearls-of-powder\/"]}]},{"@type":"BreadcrumbList","@id":"https:\/\/rustans-thebeautysource.com\/en\/product\/meteorites-light-revealing-pearls-of-powder\/#breadcrumb","itemListElement":[{"@type":"ListItem","position":1,"name":"Home","item":"https:\/\/rustans-thebeautysource.com\/en\/"},{"@type":"ListItem","position":2,"name":"Shop","item":"https:\/\/rustans-thebeautysource.com\/en\/products\/"},{"@type":"ListItem","position":3,"name":"M\u00e9t\u00e9orites Light Revealing Pearls of Powder"}]}]}},"_links":{"self":[{"href":"https:\/\/rustans-thebeautysource.com\/en\/wp-json\/wp\/v2\/product\/348440"}],"collection":[{"href":"https:\/\/rustans-thebeautysource.com\/en\/wp-json\/wp\/v2\/product"}],"about":[{"href":"https:\/\/rustans-thebeautysource.com\/en\/wp-json\/wp\/v2\/types\/product"}],"replies":[{"embeddable":true,"href":"https:\/\/rustans-thebeautysource.com\/en\/wp-json\/wp\/v2\/comments?post=348440"}],"wp:featuredmedia":[{"embeddable":true,"href":"https:\/\/rustans-thebeautysource.com\/en\/wp-json\/wp\/v2\/media\/348441"}],"wp:attachment":[{"href":"https:\/\/rustans-thebeautysource.com\/en\/wp-json\/wp\/v2\/media?parent=348440"}],"wp:term":[{"taxonomy":"product_cat","embeddable":true,"href":"https:\/\/rustans-thebeautysource.com\/en\/wp-json\/wp\/v2\/product_cat?post=348440"},{"taxonomy":"product_tag","embeddable":true,"href":"https:\/\/rustans-thebeautysource.com\/en\/wp-json\/wp\/v2\/product_tag?post=348440"}],"curies":[{"name":"wp","href":"https:\/\/api.w.org\/{rel}","templated":true}]}}