{"id":223023,"date":"2022-11-25T20:53:12","date_gmt":"2022-11-25T12:53:12","guid":{"rendered":"https:\/\/rustans-thebeautysource.com\/en\/?post_type=product&#038;p=223023"},"modified":"2022-11-25T20:53:14","modified_gmt":"2022-11-25T12:53:14","slug":"supremya-la-lotion","status":"publish","type":"product","link":"https:\/\/rustans-thebeautysource.com\/en\/product\/supremya-la-lotion\/","title":{"rendered":"Supremya La Lotion"},"content":{"rendered":"","protected":false},"excerpt":{"rendered":"<p>During the day, the skin uses all of its energy to fight and protect itself from external stress factors. At night, when the skin is sheltered from stress, the natural skin repair processes are activated. Nighttime then becomes the optimal time for skin regeneration to effectively fight against visible signs of aging. It is the understanding of this chronobiology that is at the origin of the expertise of Suprem\u00ffa Collection.<br \/>\nThe Suprem\u00ffa Anti-Aging Skin Care Lotion is the prelude to the Suprem\u00ffa At Night ritual to ideally prepare the skin at the surface and help improve its receptiveness to subsequent regenerating skin care products. An essential and highly sensory step to awaken the power of night, with three actions:<\/p>\n<p>Intensely moisturizes<br \/>\nA combination of moisturizing key ingredients ideally prepares the skin for the skin care ritual to encourage optimal absorption of the subsequent ingredients. The skin is intensely moisturized and feels more supple, soft and silky.<\/p>\n<p>Stimulates and tones<br \/>\nThe Suprem\u00ffa Anti-Aging Skin Care Lotion improves skin&#8217;s receptiveness to the benefits of the Suprem\u00ffa skin care. The skin is revitalized and toned.<\/p>\n<p>Activates the skin&#8217;s revitalizing nocturnal process<br \/>\nInfuses the skin with key anti-aging ingredients to support the nighttime power of the Suprem\u00ffa At Night ritual. The face looks visibly refreshed and rested, the skin appears regenerated.<\/p>\n<p>Innovative and ultra-sensory, its precious texture creates a sensation of freshness and transforms into a comfortable, enveloping veil when massaged in.<br \/>\nNon-greasy, silky and soft, The Suprem\u00ffa Anti-Aging Lotion leaves an imperceptible velvety finish on the skin&#8217;s surface. The subtle signature floral notes of Suprem\u00ffa\u2014Damask Rose, Magnolia and Geranium\u2014offer an olfactory bouquet for a moment of absolute well-being.<\/p>\n<p>The glass bottle was designed to be recyclable.<br \/>\nNon-comedogenic. Tolerance tested under dermatological supervision. All skin types, including sensitive.<br \/>\nInstantly, the skin is softer and silkier. Night after night, with the Suprem\u00ffa skin care products, the face looks visibly rested and the skin seems smoother, toned and radiates youthfulness.<\/p>\n","protected":false},"featured_media":223024,"comment_status":"open","ping_status":"closed","template":"","meta":[],"product_cat":[149,29,6819,6824],"product_tag":[],"acf":[],"yoast_head":"<!-- This site is optimized with the Yoast SEO plugin v17.7 - https:\/\/yoast.com\/wordpress\/plugins\/seo\/ -->\n<title>Supremya La Lotion - Rustan&#039;s The Beauty Source<\/title>\n<meta name=\"robots\" content=\"index, follow, max-snippet:-1, max-image-preview:large, max-video-preview:-1\" \/>\n<link rel=\"canonical\" href=\"https:\/\/rustans-thebeautysource.com\/en\/product\/supremya-la-lotion\/\" \/>\n<meta property=\"og:locale\" content=\"en_US\" \/>\n<meta property=\"og:type\" content=\"article\" \/>\n<meta property=\"og:title\" content=\"Supremya La Lotion - Rustan&#039;s The Beauty Source\" \/>\n<meta property=\"og:description\" content=\"During the day, the skin uses all of its energy to fight and protect itself from external stress factors. At night, when the skin is sheltered from stress, the natural skin repair processes are activated. Nighttime then becomes the optimal time for skin regeneration to effectively fight against visible signs of aging. It is the understanding of this chronobiology that is at the origin of the expertise of Suprem\u00ffa Collection. The Suprem\u00ffa Anti-Aging Skin Care Lotion is the prelude to the Suprem\u00ffa At Night ritual to ideally prepare the skin at the surface and help improve its receptiveness to subsequent regenerating skin care products. An essential and highly sensory step to awaken the power of night, with three actions:  Intensely moisturizes A combination of moisturizing key ingredients ideally prepares the skin for the skin care ritual to encourage optimal absorption of the subsequent ingredients. The skin is intensely moisturized and feels more supple, soft and silky.  Stimulates and tones The Suprem\u00ffa Anti-Aging Skin Care Lotion improves skin&#039;s receptiveness to the benefits of the Suprem\u00ffa skin care. The skin is revitalized and toned.  Activates the skin&#039;s revitalizing nocturnal process Infuses the skin with key anti-aging ingredients to support the nighttime power of the Suprem\u00ffa At Night ritual. The face looks visibly refreshed and rested, the skin appears regenerated.  Innovative and ultra-sensory, its precious texture creates a sensation of freshness and transforms into a comfortable, enveloping veil when massaged in. Non-greasy, silky and soft, The Suprem\u00ffa Anti-Aging Lotion leaves an imperceptible velvety finish on the skin&#039;s surface. The subtle signature floral notes of Suprem\u00ffa\u2014Damask Rose, Magnolia and Geranium\u2014offer an olfactory bouquet for a moment of absolute well-being.  The glass bottle was designed to be recyclable. Non-comedogenic. Tolerance tested under dermatological supervision. All skin types, including sensitive. Instantly, the skin is softer and silkier. Night after night, with the Suprem\u00ffa skin care products, the face looks visibly rested and the skin seems smoother, toned and radiates youthfulness.\" \/>\n<meta property=\"og:url\" content=\"https:\/\/rustans-thebeautysource.com\/en\/product\/supremya-la-lotion\/\" \/>\n<meta property=\"og:site_name\" content=\"Rustan&#039;s The Beauty Source\" \/>\n<meta property=\"article:publisher\" content=\"https:\/\/www.facebook.com\/RustansTheBeautySource\/\" \/>\n<meta property=\"article:modified_time\" content=\"2022-11-25T12:53:14+00:00\" \/>\n<meta property=\"og:image\" content=\"https:\/\/rustans-thebeautysource.com\/en\/wp-content\/uploads\/2022\/11\/2957982.jpg\" \/>\n\t<meta property=\"og:image:width\" content=\"1024\" \/>\n\t<meta property=\"og:image:height\" content=\"1024\" \/>\n<meta name=\"twitter:card\" content=\"summary\" \/>\n<meta name=\"twitter:site\" content=\"@rustansbeauty\" \/>\n<!-- \/ Yoast SEO plugin. -->","yoast_head_json":{"title":"Supremya La Lotion - Rustan&#039;s The Beauty Source","robots":{"index":"index","follow":"follow","max-snippet":"max-snippet:-1","max-image-preview":"max-image-preview:large","max-video-preview":"max-video-preview:-1"},"canonical":"https:\/\/rustans-thebeautysource.com\/en\/product\/supremya-la-lotion\/","og_locale":"en_US","og_type":"article","og_title":"Supremya La Lotion - Rustan&#039;s The Beauty Source","og_description":"During the day, the skin uses all of its energy to fight and protect itself from external stress factors. At night, when the skin is sheltered from stress, the natural skin repair processes are activated. Nighttime then becomes the optimal time for skin regeneration to effectively fight against visible signs of aging. It is the understanding of this chronobiology that is at the origin of the expertise of Suprem\u00ffa Collection. The Suprem\u00ffa Anti-Aging Skin Care Lotion is the prelude to the Suprem\u00ffa At Night ritual to ideally prepare the skin at the surface and help improve its receptiveness to subsequent regenerating skin care products. An essential and highly sensory step to awaken the power of night, with three actions:  Intensely moisturizes A combination of moisturizing key ingredients ideally prepares the skin for the skin care ritual to encourage optimal absorption of the subsequent ingredients. The skin is intensely moisturized and feels more supple, soft and silky.  Stimulates and tones The Suprem\u00ffa Anti-Aging Skin Care Lotion improves skin's receptiveness to the benefits of the Suprem\u00ffa skin care. The skin is revitalized and toned.  Activates the skin's revitalizing nocturnal process Infuses the skin with key anti-aging ingredients to support the nighttime power of the Suprem\u00ffa At Night ritual. The face looks visibly refreshed and rested, the skin appears regenerated.  Innovative and ultra-sensory, its precious texture creates a sensation of freshness and transforms into a comfortable, enveloping veil when massaged in. Non-greasy, silky and soft, The Suprem\u00ffa Anti-Aging Lotion leaves an imperceptible velvety finish on the skin's surface. The subtle signature floral notes of Suprem\u00ffa\u2014Damask Rose, Magnolia and Geranium\u2014offer an olfactory bouquet for a moment of absolute well-being.  The glass bottle was designed to be recyclable. Non-comedogenic. Tolerance tested under dermatological supervision. All skin types, including sensitive. Instantly, the skin is softer and silkier. Night after night, with the Suprem\u00ffa skin care products, the face looks visibly rested and the skin seems smoother, toned and radiates youthfulness.","og_url":"https:\/\/rustans-thebeautysource.com\/en\/product\/supremya-la-lotion\/","og_site_name":"Rustan&#039;s The Beauty Source","article_publisher":"https:\/\/www.facebook.com\/RustansTheBeautySource\/","article_modified_time":"2022-11-25T12:53:14+00:00","og_image":[{"width":1024,"height":1024,"url":"https:\/\/rustans-thebeautysource.com\/en\/wp-content\/uploads\/2022\/11\/2957982.jpg","type":"image\/jpeg"}],"twitter_card":"summary","twitter_site":"@rustansbeauty","schema":{"@context":"https:\/\/schema.org","@graph":[{"@type":"Organization","@id":"https:\/\/rustans-thebeautysource.com\/en\/#organization","name":"Rustan's The Beauty Source","url":"https:\/\/rustans-thebeautysource.com\/en\/","sameAs":["https:\/\/www.facebook.com\/RustansTheBeautySource\/","https:\/\/www.instagram.com\/rustansthebeautysource\/","https:\/\/www.youtube.com\/channel\/UC32rhvWHoj6ImmX9R6FO6Wg","https:\/\/twitter.com\/rustansbeauty"],"logo":{"@type":"ImageObject","@id":"https:\/\/rustans-thebeautysource.com\/en\/#logo","inLanguage":"en-US","url":"https:\/\/rustans-thebeautysource.com\/en\/wp-content\/uploads\/2019\/03\/rustans-the-beauty-source.png","contentUrl":"https:\/\/rustans-thebeautysource.com\/en\/wp-content\/uploads\/2019\/03\/rustans-the-beauty-source.png","width":1617,"height":761,"caption":"Rustan's The Beauty Source"},"image":{"@id":"https:\/\/rustans-thebeautysource.com\/en\/#logo"}},{"@type":"WebSite","@id":"https:\/\/rustans-thebeautysource.com\/en\/#website","url":"https:\/\/rustans-thebeautysource.com\/en\/","name":"Rustan&#039;s The Beauty Source","description":"Elite Beauty Brands in The Philippines","publisher":{"@id":"https:\/\/rustans-thebeautysource.com\/en\/#organization"},"potentialAction":[{"@type":"SearchAction","target":{"@type":"EntryPoint","urlTemplate":"https:\/\/rustans-thebeautysource.com\/en\/?s={search_term_string}"},"query-input":"required name=search_term_string"}],"inLanguage":"en-US"},{"@type":"ImageObject","@id":"https:\/\/rustans-thebeautysource.com\/en\/product\/supremya-la-lotion\/#primaryimage","inLanguage":"en-US","url":"https:\/\/rustans-thebeautysource.com\/en\/wp-content\/uploads\/2022\/11\/2957982.jpg","contentUrl":"https:\/\/rustans-thebeautysource.com\/en\/wp-content\/uploads\/2022\/11\/2957982.jpg","width":1024,"height":1024},{"@type":"WebPage","@id":"https:\/\/rustans-thebeautysource.com\/en\/product\/supremya-la-lotion\/#webpage","url":"https:\/\/rustans-thebeautysource.com\/en\/product\/supremya-la-lotion\/","name":"Supremya La Lotion - Rustan&#039;s The Beauty Source","isPartOf":{"@id":"https:\/\/rustans-thebeautysource.com\/en\/#website"},"primaryImageOfPage":{"@id":"https:\/\/rustans-thebeautysource.com\/en\/product\/supremya-la-lotion\/#primaryimage"},"datePublished":"2022-11-25T12:53:12+00:00","dateModified":"2022-11-25T12:53:14+00:00","breadcrumb":{"@id":"https:\/\/rustans-thebeautysource.com\/en\/product\/supremya-la-lotion\/#breadcrumb"},"inLanguage":"en-US","potentialAction":[{"@type":"ReadAction","target":["https:\/\/rustans-thebeautysource.com\/en\/product\/supremya-la-lotion\/"]}]},{"@type":"BreadcrumbList","@id":"https:\/\/rustans-thebeautysource.com\/en\/product\/supremya-la-lotion\/#breadcrumb","itemListElement":[{"@type":"ListItem","position":1,"name":"Home","item":"https:\/\/rustans-thebeautysource.com\/en\/"},{"@type":"ListItem","position":2,"name":"Shop","item":"https:\/\/rustans-thebeautysource.com\/en\/products\/"},{"@type":"ListItem","position":3,"name":"Supremya La Lotion"}]}]}},"_links":{"self":[{"href":"https:\/\/rustans-thebeautysource.com\/en\/wp-json\/wp\/v2\/product\/223023"}],"collection":[{"href":"https:\/\/rustans-thebeautysource.com\/en\/wp-json\/wp\/v2\/product"}],"about":[{"href":"https:\/\/rustans-thebeautysource.com\/en\/wp-json\/wp\/v2\/types\/product"}],"replies":[{"embeddable":true,"href":"https:\/\/rustans-thebeautysource.com\/en\/wp-json\/wp\/v2\/comments?post=223023"}],"wp:featuredmedia":[{"embeddable":true,"href":"https:\/\/rustans-thebeautysource.com\/en\/wp-json\/wp\/v2\/media\/223024"}],"wp:attachment":[{"href":"https:\/\/rustans-thebeautysource.com\/en\/wp-json\/wp\/v2\/media?parent=223023"}],"wp:term":[{"taxonomy":"product_cat","embeddable":true,"href":"https:\/\/rustans-thebeautysource.com\/en\/wp-json\/wp\/v2\/product_cat?post=223023"},{"taxonomy":"product_tag","embeddable":true,"href":"https:\/\/rustans-thebeautysource.com\/en\/wp-json\/wp\/v2\/product_tag?post=223023"}],"curies":[{"name":"wp","href":"https:\/\/api.w.org\/{rel}","templated":true}]}}